{"id":2,"date":"2022-01-28T10:19:09","date_gmt":"2022-01-28T07:19:09","guid":{"rendered":"http:\/\/sosyaluyum.org\/tr\/?page_id=2"},"modified":"2025-03-25T22:18:35","modified_gmt":"2025-03-25T19:18:35","slug":"sosyal-uyum-dernegi-kimdir","status":"publish","type":"page","link":"https:\/\/sosyaluyum.org\/","title":{"rendered":"Hakk\u0131m\u0131zda"},"content":{"rendered":"\t\t<div data-elementor-type=\"wp-page\" data-elementor-id=\"2\" class=\"elementor elementor-2\">\n\t\t\t\t\t\t<section class=\"elementor-section elementor-top-section elementor-element elementor-element-170886f elementor-section-stretched elementor-section-boxed elementor-section-height-default elementor-section-height-default\" data-id=\"170886f\" data-element_type=\"section\" data-e-type=\"section\" data-settings=\"{&quot;stretch_section&quot;:&quot;section-stretched&quot;}\">\n\t\t\t\t\t\t<div class=\"elementor-container elementor-column-gap-default\">\n\t\t\t\t\t<div class=\"elementor-column elementor-col-100 elementor-top-column elementor-element elementor-element-1fe50f2\" data-id=\"1fe50f2\" data-element_type=\"column\" data-e-type=\"column\">\n\t\t\t<div class=\"elementor-widget-wrap elementor-element-populated\">\n\t\t\t\t\t\t<div class=\"elementor-element elementor-element-31b5c93 elementor-widget elementor-widget-image\" data-id=\"31b5c93\" data-element_type=\"widget\" data-e-type=\"widget\" data-widget_type=\"image.default\">\n\t\t\t\t\t\t\t\t\t\t\t\t\t\t\t<img fetchpriority=\"high\" decoding=\"async\" width=\"576\" height=\"322\" src=\"https:\/\/sosyaluyum.org\/wp-content\/uploads\/2022\/03\/Logo-UYUM.png\" class=\"attachment-full size-full wp-image-229\" alt=\"\" srcset=\"https:\/\/sosyaluyum.org\/wp-content\/uploads\/2022\/03\/Logo-UYUM.png 576w, https:\/\/sosyaluyum.org\/wp-content\/uploads\/2022\/03\/Logo-UYUM-300x168.png 300w\" sizes=\"100vw\" \/>\t\t\t\t\t\t\t\t\t\t\t\t\t\t\t<\/div>\n\t\t\t\t\t<\/div>\n\t\t<\/div>\n\t\t\t\t\t<\/div>\n\t\t<\/section>\n\t\t\t\t<section class=\"elementor-section elementor-top-section elementor-element elementor-element-7d3a0b94 elementor-section-stretched elementor-section-boxed elementor-section-height-default elementor-section-height-default\" data-id=\"7d3a0b94\" data-element_type=\"section\" data-e-type=\"section\" data-settings=\"{&quot;stretch_section&quot;:&quot;section-stretched&quot;}\">\n\t\t\t\t\t\t<div class=\"elementor-container elementor-column-gap-default\">\n\t\t\t\t\t<div class=\"elementor-column elementor-col-100 elementor-top-column elementor-element elementor-element-5b50ad80\" data-id=\"5b50ad80\" data-element_type=\"column\" data-e-type=\"column\">\n\t\t\t<div class=\"elementor-widget-wrap elementor-element-populated\">\n\t\t\t\t\t\t<div class=\"elementor-element elementor-element-4e7b5ece elementor-widget elementor-widget-text-editor\" data-id=\"4e7b5ece\" data-element_type=\"widget\" data-e-type=\"widget\" data-widget_type=\"text-editor.default\">\n\t\t\t\t\t\t\t\t\t<p><\/p>\n<p>\u015eanl\u0131urfa&#8217;da 2019 y\u0131l\u0131nda gen\u00e7lik grubu faaliyetleri ile ba\u015flayan \u00e7al\u0131\u015fmalar\u0131m\u0131z h\u0131zl\u0131 bir \u015fekilde geli\u015fimini s\u00fcrd\u00fcr\u00fcyor. Farkl\u0131 gen\u00e7lik \u00e7al\u0131\u015fmalar\u0131n\u0131n y\u00fcr\u00fct\u00fclebilece\u011fi ve gen\u00e7lerin ki\u015fisel geli\u015fimlerini destekleyici etkinlikler ger\u00e7ekle\u015ftirebilece\u011fi bir platform olan Sosyal Uyum ve Giri\u015fimcilik Derne\u011fi, hem ulusal hem de uluslararas\u0131 alanlarda ad\u0131n\u0131 duyuracak faaliyetlere \u00f6nc\u00fcl\u00fck etmeyi planlamaktad\u0131r.<\/p>\n<p><\/p>\n<p><\/p>\n<p>2022 y\u0131l\u0131nda \u015eanl\u0131urfa\u2019da ve \u0130stanbul\u2019da farkl\u0131 ulusal ve uluslararas\u0131 projelerde yer alm\u0131\u015f g\u00f6\u00e7men ve yerel gen\u00e7lerin kurdu\u011fu Sosyal Uyum ve Giri\u015fimcilik Derne\u011fi olarak, ulusal ve uluslararas\u0131 alanda y\u00fcr\u00fctece\u011fimiz \u00e7al\u0131\u015fmalarla b\u00fcy\u00fcmeyi hedeflemekteyiz. Derne\u011fimizin temel kurulu\u015f amac\u0131; g\u00f6\u00e7men ve yerel halk aras\u0131nda sosyal uyumu g\u00fc\u00e7lendirmeye y\u00f6nelik faaliyetler ger\u00e7ekle\u015ftirerek fark\u0131ndal\u0131k \u00e7al\u0131\u015fmalar\u0131 y\u00fcr\u00fctmek, birlikte ya\u015fama k\u00fclt\u00fcr\u00fcn\u00fc in\u015fa etmek ve farkl\u0131 gruplar aras\u0131nda toplumsal kabul\u00fc sa\u011flamaya \u00e7al\u0131\u015fmaktad\u0131r. \u0130mkan\u0131 k\u0131s\u0131tl\u0131 gruplar aras\u0131nda yer alan bireylere y\u00f6nelik giri\u015fimcilik e\u011fitimleri vererek at\u00f6lye \u00e7al\u0131\u015fmalar\u0131 yapmaktad\u0131r. Derne\u011fimiz toplumsal sorunlara \u00e7\u00f6z\u00fcm \u00fcretmek ad\u0131na sosyal giri\u015fimcilik bilinci olu\u015fturmaya y\u00f6nelik sosyal giri\u015fimcilik e\u011fitimleri d\u00fczenler, bilin\u00e7lendirme ve fark\u0131ndal\u0131k \u00e7al\u0131\u015fmalar\u0131 ger\u00e7ekle\u015ftirir. B\u00f6ylelikle \u00e7e\u015fitli alanlarda sosyal giri\u015fimcilik bilincini g\u00fc\u00e7lendirerek sosyal uyuma katk\u0131 sa\u011flamak amac\u0131 ile kurulmu\u015ftur. Ekoloji bilincini art\u0131rmak amac\u0131yla yurti\u00e7i ve d\u0131\u015f\u0131nda her t\u00fcrl\u00fc panel, seminer, toplant\u0131, konferans ve tebli\u011f ve benzeri faaliyetleri d\u00fczenler ve bu t\u00fcr faaliyetlere kat\u0131larak i\u015f birli\u011fi geli\u015ftirir. Derne\u011fimiz dil, din, \u0131rk, cinsiyet, ya\u015f, engellilik, politik g\u00f6r\u00fc\u015f farkl\u0131l\u0131\u011f\u0131 gibi nedenlere dayal\u0131 hi\u00e7bir ayr\u0131m g\u00f6zetmenden faaliyetlerini y\u00fcr\u00fct\u00fcr&#8230;<\/p>\n<p><\/p>\n<p><\/p>\n<p>Bug\u00fcne kadar geli\u015ftirdi\u011fimiz bir\u00e7ok proje \u00e7al\u0131\u015fmam\u0131z ile sosyal uyumu ger\u00e7ekle\u015ftirmeyi hedefleyerek y\u00fcr\u00fcd\u00fc\u011f\u00fcm\u00fcz bu yolda, Sosyal Uyum ve Giri\u015fimcilik Derne\u011fi olarak say\u0131s\u0131z g\u00f6n\u00fcll\u00fcm\u00fcz ve y\u00f6netim ekibimiz ile \u00fclkemizin her bir k\u00f6\u015fesindeki gen\u00e7lerimizi g\u00f6n\u00fcll\u00fcl\u00fck faaliyetlerimize davet ediyoruz.<\/p>\n<p><\/p>\t\t\t\t\t\t\t\t<\/div>\n\t\t\t\t\t<\/div>\n\t\t<\/div>\n\t\t\t\t\t<\/div>\n\t\t<\/section>\n\t\t\t\t<section class=\"elementor-section elementor-top-section elementor-element elementor-element-79db79cb elementor-section-content-middle elementor-section-stretched elementor-section-boxed elementor-section-height-default elementor-section-height-default\" data-id=\"79db79cb\" data-element_type=\"section\" data-e-type=\"section\" data-settings=\"{&quot;stretch_section&quot;:&quot;section-stretched&quot;}\">\n\t\t\t\t\t\t<div class=\"elementor-container elementor-column-gap-no\">\n\t\t\t\t\t<div class=\"elementor-column elementor-col-100 elementor-top-column elementor-element elementor-element-19f3a626\" data-id=\"19f3a626\" data-element_type=\"column\" data-e-type=\"column\">\n\t\t\t<div class=\"elementor-widget-wrap elementor-element-populated\">\n\t\t\t\t\t\t<section class=\"elementor-section elementor-inner-section elementor-element elementor-element-3a43f81f elementor-section-content-middle elementor-section-boxed elementor-section-height-default elementor-section-height-default\" data-id=\"3a43f81f\" data-element_type=\"section\" data-e-type=\"section\">\n\t\t\t\t\t\t<div class=\"elementor-container elementor-column-gap-no\">\n\t\t\t\t\t<div class=\"elementor-column elementor-col-50 elementor-inner-column elementor-element elementor-element-460ab087\" data-id=\"460ab087\" data-element_type=\"column\" data-e-type=\"column\">\n\t\t\t<div class=\"elementor-widget-wrap elementor-element-populated\">\n\t\t\t\t\t\t<div class=\"elementor-element elementor-element-3e8abd2e elementor-widget elementor-widget-image\" data-id=\"3e8abd2e\" data-element_type=\"widget\" data-e-type=\"widget\" data-widget_type=\"image.default\">\n\t\t\t\t\t\t\t\t\t\t\t\t\t\t\t<img decoding=\"async\" width=\"950\" height=\"950\" src=\"https:\/\/sosyaluyum.org\/wp-content\/uploads\/2022\/07\/Adsiz-tasarim-16-1024x1024.png\" class=\"attachment-large size-large wp-image-992\" alt=\"\" srcset=\"https:\/\/sosyaluyum.org\/wp-content\/uploads\/2022\/07\/Adsiz-tasarim-16-1024x1024.png 1024w, https:\/\/sosyaluyum.org\/wp-content\/uploads\/2022\/07\/Adsiz-tasarim-16-300x300.png 300w, https:\/\/sosyaluyum.org\/wp-content\/uploads\/2022\/07\/Adsiz-tasarim-16-150x150.png 150w, https:\/\/sosyaluyum.org\/wp-content\/uploads\/2022\/07\/Adsiz-tasarim-16-768x768.png 768w, https:\/\/sosyaluyum.org\/wp-content\/uploads\/2022\/07\/Adsiz-tasarim-16-600x600.png 600w, https:\/\/sosyaluyum.org\/wp-content\/uploads\/2022\/07\/Adsiz-tasarim-16-800x800.png 800w, https:\/\/sosyaluyum.org\/wp-content\/uploads\/2022\/07\/Adsiz-tasarim-16.png 1080w\" sizes=\"100vw\" \/>\t\t\t\t\t\t\t\t\t\t\t\t\t\t\t<\/div>\n\t\t\t\t\t<\/div>\n\t\t<\/div>\n\t\t\t\t<div class=\"elementor-column elementor-col-50 elementor-inner-column elementor-element elementor-element-5a57ab04\" data-id=\"5a57ab04\" data-element_type=\"column\" data-e-type=\"column\">\n\t\t\t<div class=\"elementor-widget-wrap elementor-element-populated\">\n\t\t\t\t\t\t<div class=\"elementor-element elementor-element-2b9d6dbc elementor-widget elementor-widget-heading\" data-id=\"2b9d6dbc\" data-element_type=\"widget\" data-e-type=\"widget\" data-widget_type=\"heading.default\">\n\t\t\t\t\t<h2 class=\"elementor-heading-title elementor-size-default\">V\u0130ZYONUMUZ<\/h2>\t\t\t\t<\/div>\n\t\t\t\t<div class=\"elementor-element elementor-element-5894fa7e elementor-widget elementor-widget-text-editor\" data-id=\"5894fa7e\" data-element_type=\"widget\" data-e-type=\"widget\" data-widget_type=\"text-editor.default\">\n\t\t\t\t\t\t\t\t\t<p style=\"font-weight: 400;\">\u0130nsanl\u0131k onuruna lay\u0131k bir d\u00fcnya i\u00e7in sosyal uyumun sa\u011flanmas\u0131na y\u00f6nelik faaliyet g\u00f6steren \u00f6nc\u00fc dernek olmak.<\/p>\t\t\t\t\t\t\t\t<\/div>\n\t\t\t\t\t<\/div>\n\t\t<\/div>\n\t\t\t\t\t<\/div>\n\t\t<\/section>\n\t\t\t\t<section class=\"elementor-section elementor-inner-section elementor-element elementor-element-3b53cf7e elementor-section-content-middle elementor-reverse-mobile elementor-section-boxed elementor-section-height-default elementor-section-height-default\" data-id=\"3b53cf7e\" data-element_type=\"section\" data-e-type=\"section\">\n\t\t\t\t\t\t<div class=\"elementor-container elementor-column-gap-no\">\n\t\t\t\t\t<div class=\"elementor-column elementor-col-50 elementor-inner-column elementor-element elementor-element-56d48283\" data-id=\"56d48283\" data-element_type=\"column\" data-e-type=\"column\">\n\t\t\t<div class=\"elementor-widget-wrap elementor-element-populated\">\n\t\t\t\t\t\t<div class=\"elementor-element elementor-element-63e58796 elementor-widget elementor-widget-heading\" data-id=\"63e58796\" data-element_type=\"widget\" data-e-type=\"widget\" data-widget_type=\"heading.default\">\n\t\t\t\t\t<h2 class=\"elementor-heading-title elementor-size-default\">M\u0130SYONUMUZ<\/h2>\t\t\t\t<\/div>\n\t\t\t\t<div class=\"elementor-element elementor-element-5c96a01e elementor-widget elementor-widget-text-editor\" data-id=\"5c96a01e\" data-element_type=\"widget\" data-e-type=\"widget\" data-widget_type=\"text-editor.default\">\n\t\t\t\t\t\t\t\t\t<ul>\n<li>G\u00f6\u00e7men ve yerel halk aras\u0131nda sosyal uyumu g\u00fc\u00e7lendirmeye y\u00f6nelik faaliyetler, e\u011fitimler, etkinlikler ger\u00e7ekle\u015ftirmek, fark\u0131ndal\u0131k \u00e7al\u0131\u015fmalar\u0131 y\u00fcr\u00fctmek.<\/li>\n<li>Birlikte ya\u015fama k\u00fclt\u00fcr\u00fcn\u00fc in\u015fa etmek ve farkl\u0131 gruplar aras\u0131nda toplumsal kabul\u00fc sa\u011flamaya \u00e7al\u0131\u015fmak.<\/li>\n<li>\u0130mk\u00e2n\u0131 k\u0131s\u0131tl\u0131 gruplar aras\u0131nda yer alan bireylere y\u00f6nelik giri\u015fimcilik e\u011fitimleri vermek, at\u00f6lye \u00e7al\u0131\u015fmalar\u0131 yapmak.<\/li>\n<li>Kad\u0131n istihdam\u0131na y\u00f6nelik projeler ve e\u011fitimler d\u00fczenlemek, bu alanda faaliyet y\u00fcr\u00fcten dernek, vak\u0131f ve di\u011fer kurumlarla i\u015fbirli\u011fi yapmak.<\/li>\n<li>Toplumsal sorunlara \u00e7\u00f6z\u00fcm \u00fcretmek ad\u0131na sosyal giri\u015fimcilik bilinci olu\u015fturmaya y\u00f6nelik sosyal giri\u015fimcilik e\u011fitimleri d\u00fczenlemek, bilin\u00e7lendirme ve fark\u0131ndal\u0131k \u00e7al\u0131\u015fmalar\u0131 ger\u00e7ekle\u015ftirmek.<\/li>\n<li>\u00c7e\u015fitli alanlarda sosyal giri\u015fimcilik bilincini g\u00fc\u00e7lendirerek sosyal uyuma katk\u0131 sa\u011flamak. Ekoloji bilincini art\u0131rmak amac\u0131yla yurti\u00e7i ve d\u0131\u015f\u0131nda her t\u00fcrl\u00fc panel, seminer, toplant\u0131, konferans ve tebli\u011f ve benzeri faaliyetleri d\u00fczenler ve bu t\u00fcr faaliyetlere kat\u0131larak i\u015fbirli\u011fini geli\u015ftirmek.<\/li>\n<li>Dil, din, \u0131rk, cinsiyet, ya\u015f, engellilik, politik g\u00f6r\u00fc\u015f farkl\u0131l\u0131\u011f\u0131 gibi nedenlere dayal\u0131 hi\u00e7bir ayr\u0131m g\u00f6zetmeden faaliyetler y\u00fcr\u00fctmek.<\/li>\n<\/ul>\t\t\t\t\t\t\t\t<\/div>\n\t\t\t\t\t<\/div>\n\t\t<\/div>\n\t\t\t\t<div class=\"elementor-column elementor-col-50 elementor-inner-column elementor-element elementor-element-4fba1d53\" data-id=\"4fba1d53\" data-element_type=\"column\" data-e-type=\"column\">\n\t\t\t<div class=\"elementor-widget-wrap elementor-element-populated\">\n\t\t\t\t\t\t<div class=\"elementor-element elementor-element-4637c8e3 elementor-widget elementor-widget-image\" data-id=\"4637c8e3\" data-element_type=\"widget\" data-e-type=\"widget\" data-widget_type=\"image.default\">\n\t\t\t\t\t\t\t\t\t\t\t\t\t\t\t<img decoding=\"async\" width=\"950\" height=\"950\" src=\"https:\/\/sosyaluyum.org\/wp-content\/uploads\/2022\/07\/Adsiz-tasarim-15-1024x1024.png\" class=\"attachment-large size-large wp-image-993\" alt=\"\" srcset=\"https:\/\/sosyaluyum.org\/wp-content\/uploads\/2022\/07\/Adsiz-tasarim-15-1024x1024.png 1024w, https:\/\/sosyaluyum.org\/wp-content\/uploads\/2022\/07\/Adsiz-tasarim-15-300x300.png 300w, https:\/\/sosyaluyum.org\/wp-content\/uploads\/2022\/07\/Adsiz-tasarim-15-150x150.png 150w, https:\/\/sosyaluyum.org\/wp-content\/uploads\/2022\/07\/Adsiz-tasarim-15-768x768.png 768w, https:\/\/sosyaluyum.org\/wp-content\/uploads\/2022\/07\/Adsiz-tasarim-15-600x600.png 600w, https:\/\/sosyaluyum.org\/wp-content\/uploads\/2022\/07\/Adsiz-tasarim-15-800x800.png 800w, https:\/\/sosyaluyum.org\/wp-content\/uploads\/2022\/07\/Adsiz-tasarim-15.png 1080w\" sizes=\"100vw\" \/>\t\t\t\t\t\t\t\t\t\t\t\t\t\t\t<\/div>\n\t\t\t\t\t<\/div>\n\t\t<\/div>\n\t\t\t\t\t<\/div>\n\t\t<\/section>\n\t\t\t\t\t<\/div>\n\t\t<\/div>\n\t\t\t\t\t<\/div>\n\t\t<\/section>\n\t\t<div class=\"elementor-element elementor-element-bc9e24c e-flex e-con-boxed e-con e-parent\" data-id=\"bc9e24c\" data-element_type=\"container\" data-e-type=\"container\">\n\t\t\t\t\t<div class=\"e-con-inner\">\n\t\t\t\t<div class=\"elementor-element elementor-element-848ac4d elementor-widget elementor-widget-heading\" data-id=\"848ac4d\" data-element_type=\"widget\" data-e-type=\"widget\" data-widget_type=\"heading.default\">\n\t\t\t\t\t<h2 class=\"elementor-heading-title elementor-size-default\">SUGDER \u00c7OCUK KORUMA VE \u00c7OCUK G\u00dcVENL\u0130\u011e\u0130<\/h2>\t\t\t\t<\/div>\n\t\t\t\t\t<\/div>\n\t\t\t\t<\/div>\n\t\t<div class=\"elementor-element elementor-element-772c0a7 e-flex e-con-boxed e-con e-parent\" data-id=\"772c0a7\" data-element_type=\"container\" data-e-type=\"container\">\n\t\t\t\t\t<div class=\"e-con-inner\">\n\t\t\t\t<div class=\"elementor-element elementor-element-fc49ced elementor-widget elementor-widget-shortcode\" data-id=\"fc49ced\" data-element_type=\"widget\" data-e-type=\"widget\" data-widget_type=\"shortcode.default\">\n\t\t\t\t\t\t\t<div class=\"elementor-shortcode\"><div class=\"_df_book df-lite\" id=\"df_3642\"  _slug=\"sugder-cocuk-koruma-ve-cocuk-guvenligi\" data-title=\"sugder-cocuk-koruma-ve-cocuk-guvenligi\" wpoptions=\"true\" thumbtype=\"\" ><\/div><script class=\"df-shortcode-script\" nowprocket type=\"application\/javascript\">window.option_df_3642 = {\"outline\":[],\"backgroundColor\":\"#ED9C0C\",\"autoEnableOutline\":\"false\",\"autoEnableThumbnail\":\"false\",\"overwritePDFOutline\":\"false\",\"enableDownload\":\"true\",\"direction\":\"1\",\"pageSize\":\"0\",\"source\":\"http:\\\/\\\/sosyaluyum.org\\\/wp-content\\\/uploads\\\/2025\\\/03\\\/SUGDER-COCUK-KORUMA-VE-COCUK-GUVENLIGI.pdf\",\"wpOptions\":\"true\"}; if(window.DFLIP && window.DFLIP.parseBooks){window.DFLIP.parseBooks();}<\/script><\/div>\n\t\t\t\t\t\t<\/div>\n\t\t\t\t\t<\/div>\n\t\t\t\t<\/div>\n\t\t\t\t<\/div>\n\t\t","protected":false},"excerpt":{"rendered":"<p>\u015eanl\u0131urfa&#8217;da 2019 y\u0131l\u0131nda gen\u00e7lik grubu faaliyetleri ile ba\u015flayan \u00e7al\u0131\u015fmalar\u0131m\u0131z h\u0131zl\u0131 bir \u015fekilde geli\u015fimini s\u00fcrd\u00fcr\u00fcyor. Farkl\u0131 gen\u00e7lik \u00e7al\u0131\u015fmalar\u0131n\u0131n y\u00fcr\u00fct\u00fclebilece\u011fi ve gen\u00e7lerin ki\u015fisel geli\u015fimlerini destekleyici etkinlikler ger\u00e7ekle\u015ftirebilece\u011fi bir platform olan Sosyal Uyum ve Giri\u015fimcilik Derne\u011fi, hem ulusal hem de uluslararas\u0131 alanlarda ad\u0131n\u0131 duyuracak faaliyetlere \u00f6nc\u00fcl\u00fck etmeyi planlamaktad\u0131r. 2022 y\u0131l\u0131nda \u015eanl\u0131urfa\u2019da ve \u0130stanbul\u2019da farkl\u0131 ulusal ve uluslararas\u0131 projelerde &hellip; <\/p>\n<p class=\"link-more\"><a href=\"https:\/\/sosyaluyum.org\/\" class=\"more-link\">Read more<span class=\"screen-reader-text\"> &#8220;Hakk\u0131m\u0131zda&#8221;<\/span><\/a><\/p>\n","protected":false},"author":1,"featured_media":0,"parent":0,"menu_order":0,"comment_status":"closed","ping_status":"open","template":"","meta":{"footnotes":""},"class_list":["post-2","page","type-page","status-publish","hentry"],"featured_media_urls":[],"_links":{"self":[{"href":"https:\/\/sosyaluyum.org\/index.php\/wp-json\/wp\/v2\/pages\/2","targetHints":{"allow":["GET"]}}],"collection":[{"href":"https:\/\/sosyaluyum.org\/index.php\/wp-json\/wp\/v2\/pages"}],"about":[{"href":"https:\/\/sosyaluyum.org\/index.php\/wp-json\/wp\/v2\/types\/page"}],"author":[{"embeddable":true,"href":"https:\/\/sosyaluyum.org\/index.php\/wp-json\/wp\/v2\/users\/1"}],"replies":[{"embeddable":true,"href":"https:\/\/sosyaluyum.org\/index.php\/wp-json\/wp\/v2\/comments?post=2"}],"version-history":[{"count":69,"href":"https:\/\/sosyaluyum.org\/index.php\/wp-json\/wp\/v2\/pages\/2\/revisions"}],"predecessor-version":[{"id":4120,"href":"https:\/\/sosyaluyum.org\/index.php\/wp-json\/wp\/v2\/pages\/2\/revisions\/4120"}],"wp:attachment":[{"href":"https:\/\/sosyaluyum.org\/index.php\/wp-json\/wp\/v2\/media?parent=2"}],"curies":[{"name":"wp","href":"https:\/\/api.w.org\/{rel}","templated":true}]}}