{"id":2862,"date":"2023-05-30T05:27:29","date_gmt":"2023-05-30T02:27:29","guid":{"rendered":"https:\/\/sosyaluyum.org\/?page_id=2862"},"modified":"2023-10-16T23:03:29","modified_gmt":"2023-10-16T20:03:29","slug":"goc-sonrasi-sosyal-uyum-ve-dayanisma","status":"publish","type":"page","link":"https:\/\/sosyaluyum.org\/index.php\/goc-sonrasi-sosyal-uyum-ve-dayanisma\/","title":{"rendered":"G\u00d6\u00c7 SONRASI SOSYAL UYUM VE DAYANI\u015eMA"},"content":{"rendered":"\t\t<div data-elementor-type=\"wp-page\" data-elementor-id=\"2862\" class=\"elementor elementor-2862\">\n\t\t\t\t\t\t<section class=\"elementor-section elementor-top-section elementor-element elementor-element-bf1d437 elementor-section-stretched elementor-section-boxed elementor-section-height-default elementor-section-height-default\" data-id=\"bf1d437\" data-element_type=\"section\" data-e-type=\"section\" data-settings=\"{&quot;stretch_section&quot;:&quot;section-stretched&quot;}\">\n\t\t\t\t\t\t<div class=\"elementor-container elementor-column-gap-default\">\n\t\t\t\t\t<div class=\"elementor-column elementor-col-100 elementor-top-column elementor-element elementor-element-63f443f\" data-id=\"63f443f\" data-element_type=\"column\" data-e-type=\"column\">\n\t\t\t<div class=\"elementor-widget-wrap elementor-element-populated\">\n\t\t\t\t\t\t<section class=\"elementor-section elementor-inner-section elementor-element elementor-element-18f5607 elementor-section-content-middle elementor-section-boxed elementor-section-height-default elementor-section-height-default\" data-id=\"18f5607\" data-element_type=\"section\" data-e-type=\"section\">\n\t\t\t\t\t\t<div class=\"elementor-container elementor-column-gap-no\">\n\t\t\t\t\t<div class=\"elementor-column elementor-col-20 elementor-inner-column elementor-element elementor-element-c35e352\" data-id=\"c35e352\" data-element_type=\"column\" data-e-type=\"column\">\n\t\t\t<div class=\"elementor-widget-wrap elementor-element-populated\">\n\t\t\t\t\t\t<div class=\"elementor-element elementor-element-64657a1 e-transform elementor-position-top elementor-widget elementor-widget-image-box\" data-id=\"64657a1\" data-element_type=\"widget\" data-e-type=\"widget\" data-settings=\"{&quot;_transform_rotateZ_effect&quot;:{&quot;unit&quot;:&quot;px&quot;,&quot;size&quot;:&quot;&quot;,&quot;sizes&quot;:[]},&quot;_transform_rotateZ_effect_tablet&quot;:{&quot;unit&quot;:&quot;deg&quot;,&quot;size&quot;:&quot;&quot;,&quot;sizes&quot;:[]},&quot;_transform_rotateZ_effect_mobile&quot;:{&quot;unit&quot;:&quot;deg&quot;,&quot;size&quot;:&quot;&quot;,&quot;sizes&quot;:[]}}\" data-widget_type=\"image-box.default\">\n\t\t\t\t\t<div class=\"elementor-image-box-wrapper\"><figure class=\"elementor-image-box-img\"><a href=\"https:\/\/sosyaluyum.org\/index.php\/2023\/08\/16\/dogru-bilinen-yanlislar-calistayi\/\" tabindex=\"-1\"><img fetchpriority=\"high\" decoding=\"async\" width=\"1600\" height=\"1066\" src=\"https:\/\/sosyaluyum.org\/wp-content\/uploads\/2023\/08\/WhatsApp-Image-2023-08-13-at-21.30.05.jpeg\" class=\"attachment-full size-full wp-image-3016\" alt=\"\" srcset=\"https:\/\/sosyaluyum.org\/wp-content\/uploads\/2023\/08\/WhatsApp-Image-2023-08-13-at-21.30.05.jpeg 1600w, https:\/\/sosyaluyum.org\/wp-content\/uploads\/2023\/08\/WhatsApp-Image-2023-08-13-at-21.30.05-300x200.jpeg 300w, https:\/\/sosyaluyum.org\/wp-content\/uploads\/2023\/08\/WhatsApp-Image-2023-08-13-at-21.30.05-768x512.jpeg 768w, https:\/\/sosyaluyum.org\/wp-content\/uploads\/2023\/08\/WhatsApp-Image-2023-08-13-at-21.30.05-1536x1023.jpeg 1536w, https:\/\/sosyaluyum.org\/wp-content\/uploads\/2023\/08\/WhatsApp-Image-2023-08-13-at-21.30.05-600x400.jpeg 600w, https:\/\/sosyaluyum.org\/wp-content\/uploads\/2023\/08\/WhatsApp-Image-2023-08-13-at-21.30.05-1200x800.jpeg 1200w\" sizes=\"(max-width: 1600px) 100vw, 1600px\" \/><\/a><\/figure><div class=\"elementor-image-box-content\"><h3 class=\"elementor-image-box-title\"><a href=\"https:\/\/sosyaluyum.org\/index.php\/2023\/08\/16\/dogru-bilinen-yanlislar-calistayi\/\">DO\u011eRU B\u0130L\u0130NEN YANLI\u015eLAR \u00c7ALI\u015eTAYI<\/a><\/h3><p class=\"elementor-image-box-description\">\n<\/p><\/div><\/div>\t\t\t\t<\/div>\n\t\t\t\t\t<\/div>\n\t\t<\/div>\n\t\t\t\t<div class=\"elementor-column elementor-col-20 elementor-inner-column elementor-element elementor-element-5f8b810\" data-id=\"5f8b810\" data-element_type=\"column\" data-e-type=\"column\">\n\t\t\t<div class=\"elementor-widget-wrap elementor-element-populated\">\n\t\t\t\t\t\t<div class=\"elementor-element elementor-element-346f93c elementor-widget elementor-widget-spacer\" data-id=\"346f93c\" data-element_type=\"widget\" data-e-type=\"widget\" data-widget_type=\"spacer.default\">\n\t\t\t\t\t\t\t<div class=\"elementor-spacer\">\n\t\t\t<div class=\"elementor-spacer-inner\"><\/div>\n\t\t<\/div>\n\t\t\t\t\t\t<\/div>\n\t\t\t\t\t<\/div>\n\t\t<\/div>\n\t\t\t\t<div class=\"elementor-column elementor-col-20 elementor-inner-column elementor-element elementor-element-6d6d461\" data-id=\"6d6d461\" data-element_type=\"column\" data-e-type=\"column\">\n\t\t\t<div class=\"elementor-widget-wrap elementor-element-populated\">\n\t\t\t\t\t\t<div class=\"elementor-element elementor-element-6188691 e-transform elementor-position-top elementor-widget elementor-widget-image-box\" data-id=\"6188691\" data-element_type=\"widget\" data-e-type=\"widget\" data-settings=\"{&quot;_transform_rotateZ_effect&quot;:{&quot;unit&quot;:&quot;px&quot;,&quot;size&quot;:&quot;&quot;,&quot;sizes&quot;:[]},&quot;_transform_rotateZ_effect_tablet&quot;:{&quot;unit&quot;:&quot;deg&quot;,&quot;size&quot;:&quot;&quot;,&quot;sizes&quot;:[]},&quot;_transform_rotateZ_effect_mobile&quot;:{&quot;unit&quot;:&quot;deg&quot;,&quot;size&quot;:&quot;&quot;,&quot;sizes&quot;:[]}}\" data-widget_type=\"image-box.default\">\n\t\t\t\t\t<div class=\"elementor-image-box-wrapper\"><figure class=\"elementor-image-box-img\"><a href=\"https:\/\/sosyaluyum.org\/index.php\/2023\/10\/16\/film-izleme-etkinligi\/\" tabindex=\"-1\"><img decoding=\"async\" width=\"2048\" height=\"1366\" src=\"https:\/\/sosyaluyum.org\/wp-content\/uploads\/2023\/10\/WhatsApp-Image-2023-10-15-at-12.36.14.jpeg\" class=\"attachment-full size-full wp-image-3108\" alt=\"\" srcset=\"https:\/\/sosyaluyum.org\/wp-content\/uploads\/2023\/10\/WhatsApp-Image-2023-10-15-at-12.36.14.jpeg 2048w, https:\/\/sosyaluyum.org\/wp-content\/uploads\/2023\/10\/WhatsApp-Image-2023-10-15-at-12.36.14-300x200.jpeg 300w, https:\/\/sosyaluyum.org\/wp-content\/uploads\/2023\/10\/WhatsApp-Image-2023-10-15-at-12.36.14-2000x1334.jpeg 2000w, https:\/\/sosyaluyum.org\/wp-content\/uploads\/2023\/10\/WhatsApp-Image-2023-10-15-at-12.36.14-768x512.jpeg 768w, https:\/\/sosyaluyum.org\/wp-content\/uploads\/2023\/10\/WhatsApp-Image-2023-10-15-at-12.36.14-1536x1025.jpeg 1536w, https:\/\/sosyaluyum.org\/wp-content\/uploads\/2023\/10\/WhatsApp-Image-2023-10-15-at-12.36.14-600x400.jpeg 600w, https:\/\/sosyaluyum.org\/wp-content\/uploads\/2023\/10\/WhatsApp-Image-2023-10-15-at-12.36.14-1200x800.jpeg 1200w\" sizes=\"(max-width: 2048px) 100vw, 2048px\" \/><\/a><\/figure><div class=\"elementor-image-box-content\"><h3 class=\"elementor-image-box-title\"><a href=\"https:\/\/sosyaluyum.org\/index.php\/2023\/10\/16\/film-izleme-etkinligi\/\">F\u0130LM \u0130ZLEME ETK\u0130NL\u0130\u011e\u0130<\/a><\/h3><p class=\"elementor-image-box-description\">\n<\/p><\/div><\/div>\t\t\t\t<\/div>\n\t\t\t\t\t<\/div>\n\t\t<\/div>\n\t\t\t\t<div class=\"elementor-column elementor-col-20 elementor-inner-column elementor-element elementor-element-a4b141e\" data-id=\"a4b141e\" data-element_type=\"column\" data-e-type=\"column\">\n\t\t\t<div class=\"elementor-widget-wrap elementor-element-populated\">\n\t\t\t\t\t\t<div class=\"elementor-element elementor-element-0a32699 elementor-widget elementor-widget-spacer\" data-id=\"0a32699\" data-element_type=\"widget\" data-e-type=\"widget\" data-widget_type=\"spacer.default\">\n\t\t\t\t\t\t\t<div class=\"elementor-spacer\">\n\t\t\t<div class=\"elementor-spacer-inner\"><\/div>\n\t\t<\/div>\n\t\t\t\t\t\t<\/div>\n\t\t\t\t\t<\/div>\n\t\t<\/div>\n\t\t\t\t<div class=\"elementor-column elementor-col-20 elementor-inner-column elementor-element elementor-element-7e54cb4\" data-id=\"7e54cb4\" data-element_type=\"column\" data-e-type=\"column\">\n\t\t\t<div class=\"elementor-widget-wrap\">\n\t\t\t\t\t\t\t<\/div>\n\t\t<\/div>\n\t\t\t\t\t<\/div>\n\t\t<\/section>\n\t\t\t\t<section class=\"elementor-section elementor-inner-section elementor-element elementor-element-6fcfbb6 elementor-section-content-middle elementor-section-boxed elementor-section-height-default elementor-section-height-default\" data-id=\"6fcfbb6\" data-element_type=\"section\" data-e-type=\"section\">\n\t\t\t\t\t\t<div class=\"elementor-container elementor-column-gap-no\">\n\t\t\t\t\t<div class=\"elementor-column elementor-col-20 elementor-inner-column elementor-element elementor-element-810488d\" data-id=\"810488d\" data-element_type=\"column\" data-e-type=\"column\">\n\t\t\t<div class=\"elementor-widget-wrap elementor-element-populated\">\n\t\t\t\t\t\t<div class=\"elementor-element elementor-element-3141976 e-transform elementor-position-top elementor-widget elementor-widget-image-box\" data-id=\"3141976\" data-element_type=\"widget\" data-e-type=\"widget\" data-settings=\"{&quot;_transform_rotateZ_effect&quot;:{&quot;unit&quot;:&quot;px&quot;,&quot;size&quot;:&quot;&quot;,&quot;sizes&quot;:[]},&quot;_transform_rotateZ_effect_tablet&quot;:{&quot;unit&quot;:&quot;deg&quot;,&quot;size&quot;:&quot;&quot;,&quot;sizes&quot;:[]},&quot;_transform_rotateZ_effect_mobile&quot;:{&quot;unit&quot;:&quot;deg&quot;,&quot;size&quot;:&quot;&quot;,&quot;sizes&quot;:[]}}\" data-widget_type=\"image-box.default\">\n\t\t\t\t\t<div class=\"elementor-image-box-wrapper\"><figure class=\"elementor-image-box-img\"><a href=\"https:\/\/sosyaluyum.org\/index.php\/2023\/05\/30\/goc-sonrasi-sosyal-uyum-ve-dayanisma-projesi\/\" tabindex=\"-1\"><img decoding=\"async\" width=\"1890\" height=\"1890\" src=\"https:\/\/sosyaluyum.org\/wp-content\/uploads\/2023\/05\/k.png\" class=\"attachment-full size-full wp-image-2816\" alt=\"\" srcset=\"https:\/\/sosyaluyum.org\/wp-content\/uploads\/2023\/05\/k.png 1890w, https:\/\/sosyaluyum.org\/wp-content\/uploads\/2023\/05\/k-300x300.png 300w, https:\/\/sosyaluyum.org\/wp-content\/uploads\/2023\/05\/k-150x150.png 150w, https:\/\/sosyaluyum.org\/wp-content\/uploads\/2023\/05\/k-768x768.png 768w, https:\/\/sosyaluyum.org\/wp-content\/uploads\/2023\/05\/k-1536x1536.png 1536w, https:\/\/sosyaluyum.org\/wp-content\/uploads\/2023\/05\/k-600x600.png 600w, https:\/\/sosyaluyum.org\/wp-content\/uploads\/2023\/05\/k-1200x1200.png 1200w, https:\/\/sosyaluyum.org\/wp-content\/uploads\/2023\/05\/k-800x800.png 800w\" sizes=\"(max-width: 1890px) 100vw, 1890px\" \/><\/a><\/figure><div class=\"elementor-image-box-content\"><h3 class=\"elementor-image-box-title\"><a href=\"https:\/\/sosyaluyum.org\/index.php\/2023\/05\/30\/goc-sonrasi-sosyal-uyum-ve-dayanisma-projesi\/\">G\u00d6\u00c7 SONRASI SOSYAL UYUM VE DAYANI\u015eMA BASIN B\u00dcLTEN\u0130<\/a><\/h3><p class=\"elementor-image-box-description\">\n<\/p><\/div><\/div>\t\t\t\t<\/div>\n\t\t\t\t\t<\/div>\n\t\t<\/div>\n\t\t\t\t<div class=\"elementor-column elementor-col-20 elementor-inner-column elementor-element elementor-element-0b97057\" data-id=\"0b97057\" data-element_type=\"column\" data-e-type=\"column\">\n\t\t\t<div class=\"elementor-widget-wrap elementor-element-populated\">\n\t\t\t\t\t\t<div class=\"elementor-element elementor-element-4b8a66e elementor-widget elementor-widget-spacer\" data-id=\"4b8a66e\" data-element_type=\"widget\" data-e-type=\"widget\" data-widget_type=\"spacer.default\">\n\t\t\t\t\t\t\t<div class=\"elementor-spacer\">\n\t\t\t<div class=\"elementor-spacer-inner\"><\/div>\n\t\t<\/div>\n\t\t\t\t\t\t<\/div>\n\t\t\t\t\t<\/div>\n\t\t<\/div>\n\t\t\t\t<div class=\"elementor-column elementor-col-20 elementor-inner-column elementor-element elementor-element-fc08e96\" data-id=\"fc08e96\" data-element_type=\"column\" data-e-type=\"column\">\n\t\t\t<div class=\"elementor-widget-wrap elementor-element-populated\">\n\t\t\t\t\t\t<div class=\"elementor-element elementor-element-45efab3 e-transform elementor-position-top elementor-widget elementor-widget-image-box\" data-id=\"45efab3\" data-element_type=\"widget\" data-e-type=\"widget\" data-settings=\"{&quot;_transform_rotateZ_effect&quot;:{&quot;unit&quot;:&quot;px&quot;,&quot;size&quot;:&quot;&quot;,&quot;sizes&quot;:[]},&quot;_transform_rotateZ_effect_tablet&quot;:{&quot;unit&quot;:&quot;deg&quot;,&quot;size&quot;:&quot;&quot;,&quot;sizes&quot;:[]},&quot;_transform_rotateZ_effect_mobile&quot;:{&quot;unit&quot;:&quot;deg&quot;,&quot;size&quot;:&quot;&quot;,&quot;sizes&quot;:[]}}\" data-widget_type=\"image-box.default\">\n\t\t\t\t\t<div class=\"elementor-image-box-wrapper\"><figure class=\"elementor-image-box-img\"><a href=\"https:\/\/sosyaluyum.org\/index.php\/2023\/06\/17\/sosyal-uyum-ve-dayanisma-projesi-ilk-faaliyetiyle-birlikte-hayata-gecti\/\" tabindex=\"-1\"><img loading=\"lazy\" decoding=\"async\" width=\"1024\" height=\"777\" src=\"https:\/\/sosyaluyum.org\/wp-content\/uploads\/2023\/06\/FxuK4wYWAAEtzF_.jpeg\" class=\"attachment-full size-full wp-image-2875\" alt=\"\" srcset=\"https:\/\/sosyaluyum.org\/wp-content\/uploads\/2023\/06\/FxuK4wYWAAEtzF_.jpeg 1024w, https:\/\/sosyaluyum.org\/wp-content\/uploads\/2023\/06\/FxuK4wYWAAEtzF_-300x228.jpeg 300w, https:\/\/sosyaluyum.org\/wp-content\/uploads\/2023\/06\/FxuK4wYWAAEtzF_-768x583.jpeg 768w, https:\/\/sosyaluyum.org\/wp-content\/uploads\/2023\/06\/FxuK4wYWAAEtzF_-600x455.jpeg 600w\" sizes=\"(max-width: 1024px) 100vw, 1024px\" \/><\/a><\/figure><div class=\"elementor-image-box-content\"><h3 class=\"elementor-image-box-title\"><a href=\"https:\/\/sosyaluyum.org\/index.php\/2023\/06\/17\/sosyal-uyum-ve-dayanisma-projesi-ilk-faaliyetiyle-birlikte-hayata-gecti\/\">SOSYAL UYUM VE DAYANI\u015eMA PROJES\u0130 \u0130LK FAAL\u0130YET\u0130YLE B\u0130RL\u0130KTE HAYATA GE\u00c7T\u0130<\/a><\/h3><p class=\"elementor-image-box-description\">\n<\/p><\/div><\/div>\t\t\t\t<\/div>\n\t\t\t\t\t<\/div>\n\t\t<\/div>\n\t\t\t\t<div class=\"elementor-column elementor-col-20 elementor-inner-column elementor-element elementor-element-1792937\" data-id=\"1792937\" data-element_type=\"column\" data-e-type=\"column\">\n\t\t\t<div class=\"elementor-widget-wrap elementor-element-populated\">\n\t\t\t\t\t\t<div class=\"elementor-element elementor-element-8993413 elementor-widget elementor-widget-spacer\" data-id=\"8993413\" data-element_type=\"widget\" data-e-type=\"widget\" data-widget_type=\"spacer.default\">\n\t\t\t\t\t\t\t<div class=\"elementor-spacer\">\n\t\t\t<div class=\"elementor-spacer-inner\"><\/div>\n\t\t<\/div>\n\t\t\t\t\t\t<\/div>\n\t\t\t\t\t<\/div>\n\t\t<\/div>\n\t\t\t\t<div class=\"elementor-column elementor-col-20 elementor-inner-column elementor-element elementor-element-220248d\" data-id=\"220248d\" data-element_type=\"column\" data-e-type=\"column\">\n\t\t\t<div class=\"elementor-widget-wrap elementor-element-populated\">\n\t\t\t\t\t\t<div class=\"elementor-element elementor-element-2378f42 e-transform elementor-position-top elementor-widget elementor-widget-image-box\" data-id=\"2378f42\" data-element_type=\"widget\" data-e-type=\"widget\" data-settings=\"{&quot;_transform_rotateZ_effect&quot;:{&quot;unit&quot;:&quot;px&quot;,&quot;size&quot;:&quot;&quot;,&quot;sizes&quot;:[]},&quot;_transform_rotateZ_effect_tablet&quot;:{&quot;unit&quot;:&quot;deg&quot;,&quot;size&quot;:&quot;&quot;,&quot;sizes&quot;:[]},&quot;_transform_rotateZ_effect_mobile&quot;:{&quot;unit&quot;:&quot;deg&quot;,&quot;size&quot;:&quot;&quot;,&quot;sizes&quot;:[]}}\" data-widget_type=\"image-box.default\">\n\t\t\t\t\t<div class=\"elementor-image-box-wrapper\"><figure class=\"elementor-image-box-img\"><a href=\"https:\/\/sosyaluyum.org\/index.php\/sosyal-uyum-ve-dayanisma-calistayi\/\" tabindex=\"-1\"><img loading=\"lazy\" decoding=\"async\" width=\"2400\" height=\"1600\" src=\"https:\/\/sosyaluyum.org\/wp-content\/uploads\/2023\/07\/IMG_8650.jpg\" class=\"attachment-full size-full wp-image-2999\" alt=\"\" srcset=\"https:\/\/sosyaluyum.org\/wp-content\/uploads\/2023\/07\/IMG_8650.jpg 2400w, https:\/\/sosyaluyum.org\/wp-content\/uploads\/2023\/07\/IMG_8650-300x200.jpg 300w, https:\/\/sosyaluyum.org\/wp-content\/uploads\/2023\/07\/IMG_8650-2000x1333.jpg 2000w, https:\/\/sosyaluyum.org\/wp-content\/uploads\/2023\/07\/IMG_8650-768x512.jpg 768w, https:\/\/sosyaluyum.org\/wp-content\/uploads\/2023\/07\/IMG_8650-1536x1024.jpg 1536w, https:\/\/sosyaluyum.org\/wp-content\/uploads\/2023\/07\/IMG_8650-2048x1365.jpg 2048w, https:\/\/sosyaluyum.org\/wp-content\/uploads\/2023\/07\/IMG_8650-600x400.jpg 600w, https:\/\/sosyaluyum.org\/wp-content\/uploads\/2023\/07\/IMG_8650-1200x800.jpg 1200w\" sizes=\"(max-width: 2400px) 100vw, 2400px\" \/><\/a><\/figure><div class=\"elementor-image-box-content\"><h3 class=\"elementor-image-box-title\"><a href=\"https:\/\/sosyaluyum.org\/index.php\/sosyal-uyum-ve-dayanisma-calistayi\/\">SOSYAL UYUM VE DAYANI\u015eMA \u00c7ALI\u015eTAYI <\/a><\/h3><p class=\"elementor-image-box-description\">\n<\/p><\/div><\/div>\t\t\t\t<\/div>\n\t\t\t\t\t<\/div>\n\t\t<\/div>\n\t\t\t\t\t<\/div>\n\t\t<\/section>\n\t\t\t\t\t<\/div>\n\t\t<\/div>\n\t\t\t\t\t<\/div>\n\t\t<\/section>\n\t\t\t\t<\/div>\n\t\t","protected":false},"excerpt":{"rendered":"<p>DO\u011eRU B\u0130L\u0130NEN YANLI\u015eLAR \u00c7ALI\u015eTAYI F\u0130LM \u0130ZLEME ETK\u0130NL\u0130\u011e\u0130 G\u00d6\u00c7 SONRASI SOSYAL UYUM VE DAYANI\u015eMA BASIN B\u00dcLTEN\u0130 SOSYAL UYUM VE DAYANI\u015eMA PROJES\u0130 \u0130LK FAAL\u0130YET\u0130YLE B\u0130RL\u0130KTE HAYATA GE\u00c7T\u0130 SOSYAL UYUM VE DAYANI\u015eMA \u00c7ALI\u015eTAYI<\/p>\n","protected":false},"author":1,"featured_media":0,"parent":0,"menu_order":0,"comment_status":"closed","ping_status":"closed","template":"","meta":{"footnotes":""},"class_list":["post-2862","page","type-page","status-publish","hentry"],"featured_media_urls":[],"_links":{"self":[{"href":"https:\/\/sosyaluyum.org\/index.php\/wp-json\/wp\/v2\/pages\/2862","targetHints":{"allow":["GET"]}}],"collection":[{"href":"https:\/\/sosyaluyum.org\/index.php\/wp-json\/wp\/v2\/pages"}],"about":[{"href":"https:\/\/sosyaluyum.org\/index.php\/wp-json\/wp\/v2\/types\/page"}],"author":[{"embeddable":true,"href":"https:\/\/sosyaluyum.org\/index.php\/wp-json\/wp\/v2\/users\/1"}],"replies":[{"embeddable":true,"href":"https:\/\/sosyaluyum.org\/index.php\/wp-json\/wp\/v2\/comments?post=2862"}],"version-history":[{"count":22,"href":"https:\/\/sosyaluyum.org\/index.php\/wp-json\/wp\/v2\/pages\/2862\/revisions"}],"predecessor-version":[{"id":3122,"href":"https:\/\/sosyaluyum.org\/index.php\/wp-json\/wp\/v2\/pages\/2862\/revisions\/3122"}],"wp:attachment":[{"href":"https:\/\/sosyaluyum.org\/index.php\/wp-json\/wp\/v2\/media?parent=2862"}],"curies":[{"name":"wp","href":"https:\/\/api.w.org\/{rel}","templated":true}]}}