{"id":3000,"date":"2023-07-26T14:19:01","date_gmt":"2023-07-26T11:19:01","guid":{"rendered":"https:\/\/sosyaluyum.org\/?page_id=3000"},"modified":"2023-07-26T14:21:50","modified_gmt":"2023-07-26T11:21:50","slug":"sosyal-uyum-ve-dayanisma-calistayi","status":"publish","type":"page","link":"https:\/\/sosyaluyum.org\/index.php\/sosyal-uyum-ve-dayanisma-calistayi\/","title":{"rendered":"SOSYAL UYUM VE DAYANI\u015eMA \u00c7ALI\u015eTAYI\u00a0"},"content":{"rendered":"\t\t<div data-elementor-type=\"wp-page\" data-elementor-id=\"3000\" class=\"elementor elementor-3000\">\n\t\t\t\t\t\t<section class=\"elementor-section elementor-top-section elementor-element elementor-element-348a73c elementor-section-boxed elementor-section-height-default elementor-section-height-default\" data-id=\"348a73c\" data-element_type=\"section\" data-e-type=\"section\">\n\t\t\t\t\t\t<div class=\"elementor-container elementor-column-gap-default\">\n\t\t\t\t\t<div class=\"elementor-column elementor-col-100 elementor-top-column elementor-element elementor-element-8a138a1\" data-id=\"8a138a1\" data-element_type=\"column\" data-e-type=\"column\">\n\t\t\t<div class=\"elementor-widget-wrap elementor-element-populated\">\n\t\t\t\t\t\t<div class=\"elementor-element elementor-element-b5a8ed5 elementor-widget elementor-widget-text-editor\" data-id=\"b5a8ed5\" data-element_type=\"widget\" data-e-type=\"widget\" data-widget_type=\"text-editor.default\">\n\t\t\t\t\t\t\t\t\t<p><span style=\"font-weight: 400;\">T\u00fcrkiye Ulusal Ajans\u0131 taraf\u0131ndan desteklenen \u201cG\u00f6\u00e7 Sonras\u0131 Sosyal Uyum ve Dayan\u0131\u015fma\u201d isimli Avrupa Birli\u011fi Dayan\u0131\u015fma Projesi kapsam\u0131nda yerel ve g\u00f6\u00e7men gen\u00e7ler projenin ikinci aya\u011f\u0131nda bir araya geldiler. Olduk\u00e7a yo\u011fun bir programa sahip olan iki g\u00fcnl\u00fck \u00e7al\u0131\u015ftayda gen\u00e7 kat\u0131l\u0131mc\u0131lar bir arada uyum i\u00e7erisinde vakit ge\u00e7irirken, deneyimleyerek \u00f6\u011frenme f\u0131rsat\u0131 yakalad\u0131lar.<\/span><\/p><p><span style=\"font-weight: 400;\">\u0130lk g\u00fcn\u00fcn ilk etkinli\u011fi olan \u201ca\u00e7\u0131k alan\u201d ile bir moderat\u00f6r e\u015fli\u011finde g\u00f6\u00e7e dair konu ba\u015fl\u0131klar\u0131 se\u00e7ilerek a\u00e7\u0131k oturum tart\u0131\u015fmalar\u0131 ger\u00e7ekle\u015ftirildi.\u00a0 Etkinlik moderat\u00f6rlerin tart\u0131\u015fmalardan yola \u00e7\u0131karak haz\u0131rlad\u0131\u011f\u0131 sunumlar ile son buldu. G\u00fcn\u00fcn ilk yar\u0131s\u0131n\u0131n ard\u0131ndan kat\u0131l\u0131mc\u0131larla birlikte \u00f6\u011fle yeme\u011fi yenildi ve ard\u0131ndan g\u00fcn\u00fcn ikinci harika etkinli\u011fi olan\u00a0 &#8220;Sosyal Uyum Gazetesi&#8221; haz\u0131rlanmaya ba\u015fland\u0131. Kat\u0131l\u0131mc\u0131lar\u0131m\u0131z bir saat i\u00e7erisinde tak\u0131m \u00e7al\u0131\u015fmas\u0131yla gazete kapa\u011f\u0131, haber metinleri, k\u00f6\u015fe yaz\u0131lar\u0131 ve do\u011fru zannedilen yanl\u0131\u015flar b\u00fclteni haz\u0131rlayarak gazetelerini sundular. G\u00fcn geri bildirim etkinli\u011finin ard\u0131ndan sona erdi.\u00a0<\/span><\/p><p><span style=\"font-weight: 400;\">\u00c7al\u0131\u015ftay\u0131n ikinci g\u00fcn\u00fc proje ko\u00e7u Hakan G\u00fclerce&#8217;nin Erasmus+ hakk\u0131nda kat\u0131l\u0131mc\u0131lar\u0131 bilgilendirmesiyle ba\u015flad\u0131. Bu sayede ilk defa Erasmus+ projesine kat\u0131lm\u0131\u015f olan kat\u0131l\u0131mc\u0131 gen\u00e7ler programlar hakk\u0131nda genel bir bilgi edinmi\u015f ve sormak istedikleri sorular\u0131 sormak i\u00e7in uygun bir ortam bulmu\u015f oldular.\u00a0 Sonras\u0131nda g\u00fcn\u00fcn belki de en anlam dolu etkinli\u011fi olan \u201cbir ad\u0131m ileri\u201d etkinli\u011fi ger\u00e7ekle\u015ftirildi. B\u00f6ylece kat\u0131l\u0131mc\u0131lar\u0131m\u0131z rol kartlar\u0131na ve proje koordinat\u00f6r\u00fcm\u00fcz\u00fcn y\u00f6nlendirmelerine uygun olarak temel insan haklar\u0131na eri\u015fim de t\u00fcm insanlar\u0131n e\u015fit olmad\u0131\u011f\u0131n\u0131 deneyimlemi\u015f oldular. Ard\u0131ndan kat\u0131l\u0131mc\u0131lar bir \u00e7ember etraf\u0131nda oturarak etkinli\u011fin kendilerine neler d\u00fc\u015f\u00fcnd\u00fcrd\u00fc\u011f\u00fcn\u00fc ve neler hissettirdi\u011fini anlatt\u0131lar. B\u00fct\u00fcn insanlar e\u015fittir ama baz\u0131 insanlar daha e\u015fittir s\u00f6z\u00fcnden yola \u00e7\u0131karak temel insan haklar\u0131na eri\u015fim de dahi \u00e7ok b\u00fcy\u00fck u\u00e7urumlar\u0131n var olmas\u0131ndan rahats\u0131z olduklar\u0131n\u0131 ve bu konuda ne gibi \u00e7\u00f6z\u00fcmlerin \u00fcretilebilece\u011fi konusunda beyin f\u0131rt\u0131nas\u0131 yapt\u0131lar. Hep birlikte yenilen yeme\u011fin ard\u0131ndan \u00f6\u011fleden sonra g\u00fcn\u00fcn ikinci etkinli\u011fi olan k\u0131sa film yar\u0131\u015fmas\u0131na ge\u00e7ildi. \u00dc\u00e7 gruba ayr\u0131lan kat\u0131l\u0131mc\u0131lar\u0131m\u0131z iki saatlik s\u00fcre i\u00e7erisinde &#8216;G\u00f6\u00e7, Sosyal Uyum, Dayan\u0131\u015fma&#8217; kavramlar\u0131ndan yola \u00e7\u0131karak iki dakikal\u0131k \u015fahane birer film haz\u0131rlad\u0131lar. Ard\u0131ndan hep birlikte haz\u0131rlanan filmler izlendi ve oylama yap\u0131larak se\u00e7ilen birinci tak\u0131ma hediyeleri takdim edildi.\u00a0<\/span><\/p><p><span style=\"font-weight: 400;\">Projelerdeki en \u00f6nemli noktalardan biri olan geri bildirim etkinli\u011fimizin ard\u0131ndan hat\u0131ra foto\u011fraf\u0131 ile \u00e7al\u0131\u015ftay\u0131n ikinci aya\u011f\u0131 son buldu. Projeye kat\u0131l\u0131m sa\u011flayan t\u00fcm gen\u00e7 arkada\u015flar\u0131m\u0131za te\u015fekk\u00fcr ederiz.<\/span><\/p>\t\t\t\t\t\t\t\t<\/div>\n\t\t\t\t\t<\/div>\n\t\t<\/div>\n\t\t\t\t\t<\/div>\n\t\t<\/section>\n\t\t\t\t<section class=\"elementor-section elementor-top-section elementor-element elementor-element-4988b45 elementor-section-boxed elementor-section-height-default elementor-section-height-default\" data-id=\"4988b45\" data-element_type=\"section\" data-e-type=\"section\">\n\t\t\t\t\t\t<div class=\"elementor-container elementor-column-gap-default\">\n\t\t\t\t\t<div class=\"elementor-column elementor-col-100 elementor-top-column elementor-element elementor-element-a38f7dc\" data-id=\"a38f7dc\" data-element_type=\"column\" data-e-type=\"column\">\n\t\t\t<div class=\"elementor-widget-wrap elementor-element-populated\">\n\t\t\t\t\t\t<div class=\"elementor-element elementor-element-6156e97 elementor-widget elementor-widget-video\" data-id=\"6156e97\" data-element_type=\"widget\" data-e-type=\"widget\" data-settings=\"{&quot;youtube_url&quot;:&quot;https:\\\/\\\/www.youtube.com\\\/watch?v=vhwi24OhiIs&quot;,&quot;video_type&quot;:&quot;youtube&quot;,&quot;controls&quot;:&quot;yes&quot;}\" data-widget_type=\"video.default\">\n\t\t\t\t\t\t\t<div class=\"elementor-wrapper elementor-open-inline\">\n\t\t\t<div class=\"elementor-video\"><\/div>\t\t<\/div>\n\t\t\t\t\t\t<\/div>\n\t\t\t\t\t<\/div>\n\t\t<\/div>\n\t\t\t\t\t<\/div>\n\t\t<\/section>\n\t\t\t\t<section class=\"elementor-section elementor-top-section elementor-element elementor-element-df853ba elementor-section-boxed elementor-section-height-default elementor-section-height-default\" data-id=\"df853ba\" data-element_type=\"section\" data-e-type=\"section\">\n\t\t\t\t\t\t<div class=\"elementor-container elementor-column-gap-default\">\n\t\t\t\t\t<div class=\"elementor-column elementor-col-100 elementor-top-column elementor-element elementor-element-64c40c0\" data-id=\"64c40c0\" data-element_type=\"column\" data-e-type=\"column\">\n\t\t\t<div class=\"elementor-widget-wrap elementor-element-populated\">\n\t\t\t\t\t\t<div class=\"elementor-element elementor-element-0bdad26 elementor-widget elementor-widget-image-gallery\" data-id=\"0bdad26\" data-element_type=\"widget\" data-e-type=\"widget\" data-widget_type=\"image-gallery.default\">\n\t\t\t\t\t\t\t<div class=\"elementor-image-gallery\">\n\t\t\t<div id='gallery-1' class='gallery galleryid-3000 gallery-columns-2 gallery-size-full'><figure class='gallery-item'>\n\t\t\t<div class='gallery-icon landscape'>\n\t\t\t\t<a data-elementor-open-lightbox=\"yes\" data-elementor-lightbox-slideshow=\"0bdad26\" data-elementor-lightbox-title=\"IMG_8722\" data-e-action-hash=\"#elementor-action%3Aaction%3Dlightbox%26settings%3DeyJpZCI6MzAwOCwidXJsIjoiaHR0cHM6XC9cL3Nvc3lhbHV5dW0ub3JnXC93cC1jb250ZW50XC91cGxvYWRzXC8yMDIzXC8wN1wvSU1HXzg3MjIuanBnIiwic2xpZGVzaG93IjoiMGJkYWQyNiJ9\" href='https:\/\/sosyaluyum.org\/wp-content\/uploads\/2023\/07\/IMG_8722.jpg'><img fetchpriority=\"high\" decoding=\"async\" width=\"2400\" height=\"1600\" src=\"https:\/\/sosyaluyum.org\/wp-content\/uploads\/2023\/07\/IMG_8722.jpg\" class=\"attachment-full size-full\" alt=\"\" srcset=\"https:\/\/sosyaluyum.org\/wp-content\/uploads\/2023\/07\/IMG_8722.jpg 2400w, https:\/\/sosyaluyum.org\/wp-content\/uploads\/2023\/07\/IMG_8722-300x200.jpg 300w, https:\/\/sosyaluyum.org\/wp-content\/uploads\/2023\/07\/IMG_8722-2000x1333.jpg 2000w, https:\/\/sosyaluyum.org\/wp-content\/uploads\/2023\/07\/IMG_8722-768x512.jpg 768w, https:\/\/sosyaluyum.org\/wp-content\/uploads\/2023\/07\/IMG_8722-1536x1024.jpg 1536w, https:\/\/sosyaluyum.org\/wp-content\/uploads\/2023\/07\/IMG_8722-2048x1365.jpg 2048w, https:\/\/sosyaluyum.org\/wp-content\/uploads\/2023\/07\/IMG_8722-600x400.jpg 600w, https:\/\/sosyaluyum.org\/wp-content\/uploads\/2023\/07\/IMG_8722-1200x800.jpg 1200w\" sizes=\"100vw\" \/><\/a>\n\t\t\t<\/div><\/figure><figure class='gallery-item'>\n\t\t\t<div class='gallery-icon landscape'>\n\t\t\t\t<a data-elementor-open-lightbox=\"yes\" data-elementor-lightbox-slideshow=\"0bdad26\" data-elementor-lightbox-title=\"IMG_8723\" data-e-action-hash=\"#elementor-action%3Aaction%3Dlightbox%26settings%3DeyJpZCI6MzAwOSwidXJsIjoiaHR0cHM6XC9cL3Nvc3lhbHV5dW0ub3JnXC93cC1jb250ZW50XC91cGxvYWRzXC8yMDIzXC8wN1wvSU1HXzg3MjMuanBnIiwic2xpZGVzaG93IjoiMGJkYWQyNiJ9\" href='https:\/\/sosyaluyum.org\/wp-content\/uploads\/2023\/07\/IMG_8723.jpg'><img decoding=\"async\" width=\"2400\" height=\"1600\" src=\"https:\/\/sosyaluyum.org\/wp-content\/uploads\/2023\/07\/IMG_8723.jpg\" class=\"attachment-full size-full\" alt=\"\" srcset=\"https:\/\/sosyaluyum.org\/wp-content\/uploads\/2023\/07\/IMG_8723.jpg 2400w, https:\/\/sosyaluyum.org\/wp-content\/uploads\/2023\/07\/IMG_8723-300x200.jpg 300w, https:\/\/sosyaluyum.org\/wp-content\/uploads\/2023\/07\/IMG_8723-2000x1333.jpg 2000w, https:\/\/sosyaluyum.org\/wp-content\/uploads\/2023\/07\/IMG_8723-768x512.jpg 768w, https:\/\/sosyaluyum.org\/wp-content\/uploads\/2023\/07\/IMG_8723-1536x1024.jpg 1536w, https:\/\/sosyaluyum.org\/wp-content\/uploads\/2023\/07\/IMG_8723-2048x1365.jpg 2048w, https:\/\/sosyaluyum.org\/wp-content\/uploads\/2023\/07\/IMG_8723-600x400.jpg 600w, https:\/\/sosyaluyum.org\/wp-content\/uploads\/2023\/07\/IMG_8723-1200x800.jpg 1200w\" sizes=\"100vw\" \/><\/a>\n\t\t\t<\/div><\/figure><figure class='gallery-item'>\n\t\t\t<div class='gallery-icon landscape'>\n\t\t\t\t<a data-elementor-open-lightbox=\"yes\" data-elementor-lightbox-slideshow=\"0bdad26\" data-elementor-lightbox-title=\"IMG_8806\" data-e-action-hash=\"#elementor-action%3Aaction%3Dlightbox%26settings%3DeyJpZCI6MzAxMCwidXJsIjoiaHR0cHM6XC9cL3Nvc3lhbHV5dW0ub3JnXC93cC1jb250ZW50XC91cGxvYWRzXC8yMDIzXC8wN1wvSU1HXzg4MDYuanBnIiwic2xpZGVzaG93IjoiMGJkYWQyNiJ9\" href='https:\/\/sosyaluyum.org\/wp-content\/uploads\/2023\/07\/IMG_8806.jpg'><img decoding=\"async\" width=\"2400\" height=\"1600\" src=\"https:\/\/sosyaluyum.org\/wp-content\/uploads\/2023\/07\/IMG_8806.jpg\" class=\"attachment-full size-full\" alt=\"\" srcset=\"https:\/\/sosyaluyum.org\/wp-content\/uploads\/2023\/07\/IMG_8806.jpg 2400w, https:\/\/sosyaluyum.org\/wp-content\/uploads\/2023\/07\/IMG_8806-300x200.jpg 300w, https:\/\/sosyaluyum.org\/wp-content\/uploads\/2023\/07\/IMG_8806-2000x1333.jpg 2000w, https:\/\/sosyaluyum.org\/wp-content\/uploads\/2023\/07\/IMG_8806-768x512.jpg 768w, https:\/\/sosyaluyum.org\/wp-content\/uploads\/2023\/07\/IMG_8806-1536x1024.jpg 1536w, https:\/\/sosyaluyum.org\/wp-content\/uploads\/2023\/07\/IMG_8806-2048x1365.jpg 2048w, https:\/\/sosyaluyum.org\/wp-content\/uploads\/2023\/07\/IMG_8806-600x400.jpg 600w, https:\/\/sosyaluyum.org\/wp-content\/uploads\/2023\/07\/IMG_8806-1200x800.jpg 1200w\" sizes=\"100vw\" \/><\/a>\n\t\t\t<\/div><\/figure><figure class='gallery-item'>\n\t\t\t<div class='gallery-icon landscape'>\n\t\t\t\t<a data-elementor-open-lightbox=\"yes\" data-elementor-lightbox-slideshow=\"0bdad26\" data-elementor-lightbox-title=\"IMG_8514\" data-e-action-hash=\"#elementor-action%3Aaction%3Dlightbox%26settings%3DeyJpZCI6MzAxMSwidXJsIjoiaHR0cHM6XC9cL3Nvc3lhbHV5dW0ub3JnXC93cC1jb250ZW50XC91cGxvYWRzXC8yMDIzXC8wN1wvSU1HXzg1MTQuanBnIiwic2xpZGVzaG93IjoiMGJkYWQyNiJ9\" href='https:\/\/sosyaluyum.org\/wp-content\/uploads\/2023\/07\/IMG_8514.jpg'><img loading=\"lazy\" decoding=\"async\" width=\"2400\" height=\"1600\" src=\"https:\/\/sosyaluyum.org\/wp-content\/uploads\/2023\/07\/IMG_8514.jpg\" class=\"attachment-full size-full\" alt=\"\" srcset=\"https:\/\/sosyaluyum.org\/wp-content\/uploads\/2023\/07\/IMG_8514.jpg 2400w, https:\/\/sosyaluyum.org\/wp-content\/uploads\/2023\/07\/IMG_8514-300x200.jpg 300w, https:\/\/sosyaluyum.org\/wp-content\/uploads\/2023\/07\/IMG_8514-2000x1333.jpg 2000w, https:\/\/sosyaluyum.org\/wp-content\/uploads\/2023\/07\/IMG_8514-768x512.jpg 768w, https:\/\/sosyaluyum.org\/wp-content\/uploads\/2023\/07\/IMG_8514-1536x1024.jpg 1536w, https:\/\/sosyaluyum.org\/wp-content\/uploads\/2023\/07\/IMG_8514-2048x1365.jpg 2048w, https:\/\/sosyaluyum.org\/wp-content\/uploads\/2023\/07\/IMG_8514-600x400.jpg 600w, https:\/\/sosyaluyum.org\/wp-content\/uploads\/2023\/07\/IMG_8514-1200x800.jpg 1200w\" sizes=\"100vw\" \/><\/a>\n\t\t\t<\/div><\/figure><figure class='gallery-item'>\n\t\t\t<div class='gallery-icon landscape'>\n\t\t\t\t<a data-elementor-open-lightbox=\"yes\" data-elementor-lightbox-slideshow=\"0bdad26\" data-elementor-lightbox-title=\"IMG_8847\" data-e-action-hash=\"#elementor-action%3Aaction%3Dlightbox%26settings%3DeyJpZCI6MzAxMiwidXJsIjoiaHR0cHM6XC9cL3Nvc3lhbHV5dW0ub3JnXC93cC1jb250ZW50XC91cGxvYWRzXC8yMDIzXC8wN1wvSU1HXzg4NDcuanBnIiwic2xpZGVzaG93IjoiMGJkYWQyNiJ9\" href='https:\/\/sosyaluyum.org\/wp-content\/uploads\/2023\/07\/IMG_8847.jpg'><img loading=\"lazy\" decoding=\"async\" width=\"2400\" height=\"1600\" src=\"https:\/\/sosyaluyum.org\/wp-content\/uploads\/2023\/07\/IMG_8847.jpg\" class=\"attachment-full size-full\" alt=\"\" srcset=\"https:\/\/sosyaluyum.org\/wp-content\/uploads\/2023\/07\/IMG_8847.jpg 2400w, https:\/\/sosyaluyum.org\/wp-content\/uploads\/2023\/07\/IMG_8847-300x200.jpg 300w, https:\/\/sosyaluyum.org\/wp-content\/uploads\/2023\/07\/IMG_8847-2000x1333.jpg 2000w, https:\/\/sosyaluyum.org\/wp-content\/uploads\/2023\/07\/IMG_8847-768x512.jpg 768w, https:\/\/sosyaluyum.org\/wp-content\/uploads\/2023\/07\/IMG_8847-1536x1024.jpg 1536w, https:\/\/sosyaluyum.org\/wp-content\/uploads\/2023\/07\/IMG_8847-2048x1365.jpg 2048w, https:\/\/sosyaluyum.org\/wp-content\/uploads\/2023\/07\/IMG_8847-600x400.jpg 600w, https:\/\/sosyaluyum.org\/wp-content\/uploads\/2023\/07\/IMG_8847-1200x800.jpg 1200w\" sizes=\"100vw\" \/><\/a>\n\t\t\t<\/div><\/figure><figure class='gallery-item'>\n\t\t\t<div class='gallery-icon landscape'>\n\t\t\t\t<a data-elementor-open-lightbox=\"yes\" data-elementor-lightbox-slideshow=\"0bdad26\" data-elementor-lightbox-title=\"IMG_8650\" data-e-action-hash=\"#elementor-action%3Aaction%3Dlightbox%26settings%3DeyJpZCI6Mjk5OSwidXJsIjoiaHR0cHM6XC9cL3Nvc3lhbHV5dW0ub3JnXC93cC1jb250ZW50XC91cGxvYWRzXC8yMDIzXC8wN1wvSU1HXzg2NTAuanBnIiwic2xpZGVzaG93IjoiMGJkYWQyNiJ9\" href='https:\/\/sosyaluyum.org\/wp-content\/uploads\/2023\/07\/IMG_8650.jpg'><img loading=\"lazy\" decoding=\"async\" width=\"2400\" height=\"1600\" src=\"https:\/\/sosyaluyum.org\/wp-content\/uploads\/2023\/07\/IMG_8650.jpg\" class=\"attachment-full size-full\" alt=\"\" srcset=\"https:\/\/sosyaluyum.org\/wp-content\/uploads\/2023\/07\/IMG_8650.jpg 2400w, https:\/\/sosyaluyum.org\/wp-content\/uploads\/2023\/07\/IMG_8650-300x200.jpg 300w, https:\/\/sosyaluyum.org\/wp-content\/uploads\/2023\/07\/IMG_8650-2000x1333.jpg 2000w, https:\/\/sosyaluyum.org\/wp-content\/uploads\/2023\/07\/IMG_8650-768x512.jpg 768w, https:\/\/sosyaluyum.org\/wp-content\/uploads\/2023\/07\/IMG_8650-1536x1024.jpg 1536w, https:\/\/sosyaluyum.org\/wp-content\/uploads\/2023\/07\/IMG_8650-2048x1365.jpg 2048w, https:\/\/sosyaluyum.org\/wp-content\/uploads\/2023\/07\/IMG_8650-600x400.jpg 600w, https:\/\/sosyaluyum.org\/wp-content\/uploads\/2023\/07\/IMG_8650-1200x800.jpg 1200w\" sizes=\"100vw\" \/><\/a>\n\t\t\t<\/div><\/figure>\n\t\t<\/div>\n\t\t<\/div>\n\t\t\t\t\t\t<\/div>\n\t\t\t\t\t<\/div>\n\t\t<\/div>\n\t\t\t\t\t<\/div>\n\t\t<\/section>\n\t\t\t\t<\/div>\n\t\t","protected":false},"excerpt":{"rendered":"<p>T\u00fcrkiye Ulusal Ajans\u0131 taraf\u0131ndan desteklenen \u201cG\u00f6\u00e7 Sonras\u0131 Sosyal Uyum ve Dayan\u0131\u015fma\u201d isimli Avrupa Birli\u011fi Dayan\u0131\u015fma Projesi kapsam\u0131nda yerel ve g\u00f6\u00e7men gen\u00e7ler projenin ikinci aya\u011f\u0131nda bir araya geldiler. Olduk\u00e7a yo\u011fun bir programa sahip olan iki g\u00fcnl\u00fck \u00e7al\u0131\u015ftayda gen\u00e7 kat\u0131l\u0131mc\u0131lar bir arada uyum i\u00e7erisinde vakit ge\u00e7irirken, deneyimleyerek \u00f6\u011frenme f\u0131rsat\u0131 yakalad\u0131lar. \u0130lk g\u00fcn\u00fcn ilk etkinli\u011fi olan \u201ca\u00e7\u0131k alan\u201d &hellip; <\/p>\n<p class=\"link-more\"><a href=\"https:\/\/sosyaluyum.org\/index.php\/sosyal-uyum-ve-dayanisma-calistayi\/\" class=\"more-link\">Read more<span class=\"screen-reader-text\"> &#8220;SOSYAL UYUM VE DAYANI\u015eMA \u00c7ALI\u015eTAYI\u00a0&#8220;<\/span><\/a><\/p>\n","protected":false},"author":3,"featured_media":0,"parent":0,"menu_order":0,"comment_status":"closed","ping_status":"closed","template":"","meta":{"footnotes":""},"class_list":["post-3000","page","type-page","status-publish","hentry"],"featured_media_urls":[],"_links":{"self":[{"href":"https:\/\/sosyaluyum.org\/index.php\/wp-json\/wp\/v2\/pages\/3000","targetHints":{"allow":["GET"]}}],"collection":[{"href":"https:\/\/sosyaluyum.org\/index.php\/wp-json\/wp\/v2\/pages"}],"about":[{"href":"https:\/\/sosyaluyum.org\/index.php\/wp-json\/wp\/v2\/types\/page"}],"author":[{"embeddable":true,"href":"https:\/\/sosyaluyum.org\/index.php\/wp-json\/wp\/v2\/users\/3"}],"replies":[{"embeddable":true,"href":"https:\/\/sosyaluyum.org\/index.php\/wp-json\/wp\/v2\/comments?post=3000"}],"version-history":[{"count":7,"href":"https:\/\/sosyaluyum.org\/index.php\/wp-json\/wp\/v2\/pages\/3000\/revisions"}],"predecessor-version":[{"id":3015,"href":"https:\/\/sosyaluyum.org\/index.php\/wp-json\/wp\/v2\/pages\/3000\/revisions\/3015"}],"wp:attachment":[{"href":"https:\/\/sosyaluyum.org\/index.php\/wp-json\/wp\/v2\/media?parent=3000"}],"curies":[{"name":"wp","href":"https:\/\/api.w.org\/{rel}","templated":true}]}}