{"id":3138,"date":"2023-10-30T13:03:48","date_gmt":"2023-10-30T10:03:48","guid":{"rendered":"https:\/\/sosyaluyum.org\/?page_id=3138"},"modified":"2025-11-21T17:29:42","modified_gmt":"2025-11-21T14:29:42","slug":"etkinliklerimiz","status":"publish","type":"page","link":"https:\/\/sosyaluyum.org\/index.php\/etkinliklerimiz\/","title":{"rendered":"Etkinliklerimiz"},"content":{"rendered":"\t\t<div data-elementor-type=\"wp-page\" data-elementor-id=\"3138\" class=\"elementor elementor-3138\">\n\t\t\t\t\t\t<section class=\"elementor-section elementor-top-section elementor-element elementor-element-5a811e2 elementor-section-stretched elementor-section-boxed elementor-section-height-default elementor-section-height-default\" data-id=\"5a811e2\" data-element_type=\"section\" data-e-type=\"section\" data-settings=\"{&quot;stretch_section&quot;:&quot;section-stretched&quot;}\">\n\t\t\t\t\t\t<div class=\"elementor-container elementor-column-gap-default\">\n\t\t\t\t\t<div class=\"elementor-column elementor-col-50 elementor-top-column elementor-element elementor-element-0423f44\" data-id=\"0423f44\" data-element_type=\"column\" data-e-type=\"column\">\n\t\t\t<div class=\"elementor-widget-wrap elementor-element-populated\">\n\t\t\t\t\t\t<section class=\"elementor-section elementor-inner-section elementor-element elementor-element-8487a8c elementor-section-content-middle elementor-section-boxed elementor-section-height-default elementor-section-height-default\" data-id=\"8487a8c\" data-element_type=\"section\" data-e-type=\"section\">\n\t\t\t\t\t\t<div class=\"elementor-container elementor-column-gap-no\">\n\t\t\t\t\t<div class=\"elementor-column elementor-col-20 elementor-inner-column elementor-element elementor-element-13c837d\" data-id=\"13c837d\" data-element_type=\"column\" data-e-type=\"column\">\n\t\t\t<div class=\"elementor-widget-wrap elementor-element-populated\">\n\t\t\t\t\t\t<div class=\"elementor-element elementor-element-6d1b974 e-transform elementor-position-top elementor-widget elementor-widget-image-box\" data-id=\"6d1b974\" data-element_type=\"widget\" data-e-type=\"widget\" data-settings=\"{&quot;_transform_rotateZ_effect&quot;:{&quot;unit&quot;:&quot;px&quot;,&quot;size&quot;:&quot;&quot;,&quot;sizes&quot;:[]},&quot;_transform_rotateZ_effect_tablet&quot;:{&quot;unit&quot;:&quot;deg&quot;,&quot;size&quot;:&quot;&quot;,&quot;sizes&quot;:[]},&quot;_transform_rotateZ_effect_mobile&quot;:{&quot;unit&quot;:&quot;deg&quot;,&quot;size&quot;:&quot;&quot;,&quot;sizes&quot;:[]}}\" data-widget_type=\"image-box.default\">\n\t\t\t\t\t<div class=\"elementor-image-box-wrapper\"><figure class=\"elementor-image-box-img\"><a href=\"https:\/\/sosyaluyum.org\/index.php\/20-kasim-dunya-cocuk-haklari-gunu-2\/\" tabindex=\"-1\"><img fetchpriority=\"high\" decoding=\"async\" width=\"1600\" height=\"1200\" src=\"https:\/\/sosyaluyum.org\/wp-content\/uploads\/2025\/11\/1.jpg\" class=\"attachment-full size-full wp-image-4011\" alt=\"\" srcset=\"https:\/\/sosyaluyum.org\/wp-content\/uploads\/2025\/11\/1.jpg 1600w, https:\/\/sosyaluyum.org\/wp-content\/uploads\/2025\/11\/1-300x225.jpg 300w, https:\/\/sosyaluyum.org\/wp-content\/uploads\/2025\/11\/1-1536x1152.jpg 1536w, https:\/\/sosyaluyum.org\/wp-content\/uploads\/2025\/11\/1-600x450.jpg 600w, https:\/\/sosyaluyum.org\/wp-content\/uploads\/2025\/11\/1-1200x900.jpg 1200w\" sizes=\"(max-width: 1600px) 100vw, 1600px\" \/><\/a><\/figure><div class=\"elementor-image-box-content\"><h3 class=\"elementor-image-box-title\"><a href=\"https:\/\/sosyaluyum.org\/index.php\/20-kasim-dunya-cocuk-haklari-gunu-2\/\">20 Kas\u0131m D\u00fcnya \u00c7ocuk Haklar\u0131 G\u00fcn\u00fc<\/a><\/h3><p class=\"elementor-image-box-description\">\n<\/p><\/div><\/div>\t\t\t\t<\/div>\n\t\t\t\t\t<\/div>\n\t\t<\/div>\n\t\t\t\t<div class=\"elementor-column elementor-col-20 elementor-inner-column elementor-element elementor-element-3335095\" data-id=\"3335095\" data-element_type=\"column\" data-e-type=\"column\">\n\t\t\t<div class=\"elementor-widget-wrap elementor-element-populated\">\n\t\t\t\t\t\t<div class=\"elementor-element elementor-element-5950cf8 elementor-widget elementor-widget-spacer\" data-id=\"5950cf8\" data-element_type=\"widget\" data-e-type=\"widget\" data-widget_type=\"spacer.default\">\n\t\t\t\t\t\t\t<div class=\"elementor-spacer\">\n\t\t\t<div class=\"elementor-spacer-inner\"><\/div>\n\t\t<\/div>\n\t\t\t\t\t\t<\/div>\n\t\t\t\t\t<\/div>\n\t\t<\/div>\n\t\t\t\t<div class=\"elementor-column elementor-col-20 elementor-inner-column elementor-element elementor-element-50145bb\" data-id=\"50145bb\" data-element_type=\"column\" data-e-type=\"column\">\n\t\t\t<div class=\"elementor-widget-wrap\">\n\t\t\t\t\t\t\t<\/div>\n\t\t<\/div>\n\t\t\t\t<div class=\"elementor-column elementor-col-20 elementor-inner-column elementor-element elementor-element-f46375d\" data-id=\"f46375d\" data-element_type=\"column\" data-e-type=\"column\">\n\t\t\t<div class=\"elementor-widget-wrap elementor-element-populated\">\n\t\t\t\t\t\t<div class=\"elementor-element elementor-element-805a2ff elementor-widget elementor-widget-spacer\" data-id=\"805a2ff\" data-element_type=\"widget\" data-e-type=\"widget\" data-widget_type=\"spacer.default\">\n\t\t\t\t\t\t\t<div class=\"elementor-spacer\">\n\t\t\t<div class=\"elementor-spacer-inner\"><\/div>\n\t\t<\/div>\n\t\t\t\t\t\t<\/div>\n\t\t\t\t\t<\/div>\n\t\t<\/div>\n\t\t\t\t<div class=\"elementor-column elementor-col-20 elementor-inner-column elementor-element elementor-element-7e15795\" data-id=\"7e15795\" data-element_type=\"column\" data-e-type=\"column\">\n\t\t\t<div class=\"elementor-widget-wrap\">\n\t\t\t\t\t\t\t<\/div>\n\t\t<\/div>\n\t\t\t\t\t<\/div>\n\t\t<\/section>\n\t\t\t\t\t<\/div>\n\t\t<\/div>\n\t\t\t\t<div class=\"elementor-column elementor-col-50 elementor-top-column elementor-element elementor-element-8274009\" data-id=\"8274009\" data-element_type=\"column\" data-e-type=\"column\">\n\t\t\t<div class=\"elementor-widget-wrap elementor-element-populated\">\n\t\t\t\t\t\t<section class=\"elementor-section elementor-inner-section elementor-element elementor-element-0ebb0d3 elementor-section-content-middle elementor-section-boxed elementor-section-height-default elementor-section-height-default\" data-id=\"0ebb0d3\" data-element_type=\"section\" data-e-type=\"section\">\n\t\t\t\t\t\t<div class=\"elementor-container elementor-column-gap-no\">\n\t\t\t\t\t<div class=\"elementor-column elementor-col-20 elementor-inner-column elementor-element elementor-element-059ae91\" data-id=\"059ae91\" data-element_type=\"column\" data-e-type=\"column\">\n\t\t\t<div class=\"elementor-widget-wrap elementor-element-populated\">\n\t\t\t\t\t\t<div class=\"elementor-element elementor-element-7b41f4e e-transform elementor-position-top elementor-widget elementor-widget-image-box\" data-id=\"7b41f4e\" data-element_type=\"widget\" data-e-type=\"widget\" data-settings=\"{&quot;_transform_rotateZ_effect&quot;:{&quot;unit&quot;:&quot;px&quot;,&quot;size&quot;:&quot;&quot;,&quot;sizes&quot;:[]},&quot;_transform_rotateZ_effect_tablet&quot;:{&quot;unit&quot;:&quot;deg&quot;,&quot;size&quot;:&quot;&quot;,&quot;sizes&quot;:[]},&quot;_transform_rotateZ_effect_mobile&quot;:{&quot;unit&quot;:&quot;deg&quot;,&quot;size&quot;:&quot;&quot;,&quot;sizes&quot;:[]}}\" data-widget_type=\"image-box.default\">\n\t\t\t\t\t<div class=\"elementor-image-box-wrapper\"><figure class=\"elementor-image-box-img\"><a href=\"https:\/\/sosyaluyum.org\/index.php\/kitap-kulubu\/\" tabindex=\"-1\"><img decoding=\"async\" width=\"1080\" height=\"1080\" src=\"https:\/\/sosyaluyum.org\/wp-content\/uploads\/2023\/10\/B.png\" class=\"attachment-full size-full wp-image-3194\" alt=\"\" srcset=\"https:\/\/sosyaluyum.org\/wp-content\/uploads\/2023\/10\/B.png 1080w, https:\/\/sosyaluyum.org\/wp-content\/uploads\/2023\/10\/B-300x300.png 300w, https:\/\/sosyaluyum.org\/wp-content\/uploads\/2023\/10\/B-150x150.png 150w, https:\/\/sosyaluyum.org\/wp-content\/uploads\/2023\/10\/B-768x768.png 768w, https:\/\/sosyaluyum.org\/wp-content\/uploads\/2023\/10\/B-600x600.png 600w, https:\/\/sosyaluyum.org\/wp-content\/uploads\/2023\/10\/B-800x800.png 800w\" sizes=\"(max-width: 1080px) 100vw, 1080px\" \/><\/a><\/figure><div class=\"elementor-image-box-content\"><h3 class=\"elementor-image-box-title\"><a href=\"https:\/\/sosyaluyum.org\/index.php\/kitap-kulubu\/\">K\u0130TAP KUL\u00dcB\u00dc<\/a><\/h3><p class=\"elementor-image-box-description\">\n<\/p><\/div><\/div>\t\t\t\t<\/div>\n\t\t\t\t\t<\/div>\n\t\t<\/div>\n\t\t\t\t<div class=\"elementor-column elementor-col-20 elementor-inner-column elementor-element elementor-element-96154bd\" data-id=\"96154bd\" data-element_type=\"column\" data-e-type=\"column\">\n\t\t\t<div class=\"elementor-widget-wrap elementor-element-populated\">\n\t\t\t\t\t\t<div class=\"elementor-element elementor-element-5d61736 elementor-widget elementor-widget-spacer\" data-id=\"5d61736\" data-element_type=\"widget\" data-e-type=\"widget\" data-widget_type=\"spacer.default\">\n\t\t\t\t\t\t\t<div class=\"elementor-spacer\">\n\t\t\t<div class=\"elementor-spacer-inner\"><\/div>\n\t\t<\/div>\n\t\t\t\t\t\t<\/div>\n\t\t\t\t\t<\/div>\n\t\t<\/div>\n\t\t\t\t<div class=\"elementor-column elementor-col-20 elementor-inner-column elementor-element elementor-element-242ca7d\" data-id=\"242ca7d\" data-element_type=\"column\" data-e-type=\"column\">\n\t\t\t<div class=\"elementor-widget-wrap\">\n\t\t\t\t\t\t\t<\/div>\n\t\t<\/div>\n\t\t\t\t<div class=\"elementor-column elementor-col-20 elementor-inner-column elementor-element elementor-element-26f378b\" data-id=\"26f378b\" data-element_type=\"column\" data-e-type=\"column\">\n\t\t\t<div class=\"elementor-widget-wrap elementor-element-populated\">\n\t\t\t\t\t\t<div class=\"elementor-element elementor-element-4f329a9 elementor-widget elementor-widget-spacer\" data-id=\"4f329a9\" data-element_type=\"widget\" data-e-type=\"widget\" data-widget_type=\"spacer.default\">\n\t\t\t\t\t\t\t<div class=\"elementor-spacer\">\n\t\t\t<div class=\"elementor-spacer-inner\"><\/div>\n\t\t<\/div>\n\t\t\t\t\t\t<\/div>\n\t\t\t\t\t<\/div>\n\t\t<\/div>\n\t\t\t\t<div class=\"elementor-column elementor-col-20 elementor-inner-column elementor-element elementor-element-42be645\" data-id=\"42be645\" data-element_type=\"column\" data-e-type=\"column\">\n\t\t\t<div class=\"elementor-widget-wrap\">\n\t\t\t\t\t\t\t<\/div>\n\t\t<\/div>\n\t\t\t\t\t<\/div>\n\t\t<\/section>\n\t\t\t\t\t<\/div>\n\t\t<\/div>\n\t\t\t\t\t<\/div>\n\t\t<\/section>\n\t\t\t\t<\/div>\n\t\t","protected":false},"excerpt":{"rendered":"<p>20 Kas\u0131m D\u00fcnya \u00c7ocuk Haklar\u0131 G\u00fcn\u00fc K\u0130TAP KUL\u00dcB\u00dc<\/p>\n","protected":false},"author":1,"featured_media":920,"parent":0,"menu_order":0,"comment_status":"closed","ping_status":"closed","template":"","meta":{"footnotes":""},"class_list":["post-3138","page","type-page","status-publish","has-post-thumbnail","hentry"],"featured_media_urls":{"thumbnail":["https:\/\/sosyaluyum.org\/wp-content\/uploads\/2022\/07\/Happy-Valentines-Day-e1674230389613-150x150.png",150,150,true],"medium":["https:\/\/sosyaluyum.org\/wp-content\/uploads\/2022\/07\/Happy-Valentines-Day-e1674230389613-300x179.png",300,179,true],"medium_large":["https:\/\/sosyaluyum.org\/wp-content\/uploads\/2022\/07\/Happy-Valentines-Day-e1674230389613-768x459.png",768,459,true],"large":["https:\/\/sosyaluyum.org\/wp-content\/uploads\/2022\/07\/Happy-Valentines-Day-e1674230389613-1024x612.png",950,568,true],"1536x1536":["https:\/\/sosyaluyum.org\/wp-content\/uploads\/2022\/07\/Happy-Valentines-Day-e1674230389613.png",1080,645,false],"2048x2048":["https:\/\/sosyaluyum.org\/wp-content\/uploads\/2022\/07\/Happy-Valentines-Day-e1674230389613.png",1080,645,false],"inspiro-featured-image":["https:\/\/sosyaluyum.org\/wp-content\/uploads\/2022\/07\/Happy-Valentines-Day-e1674230389613.png",1080,645,false],"inspiro-loop":["https:\/\/sosyaluyum.org\/wp-content\/uploads\/2022\/07\/Happy-Valentines-Day-e1674230389613-950x320.png",950,320,true],"inspiro-loop@2x":["https:\/\/sosyaluyum.org\/wp-content\/uploads\/2022\/07\/Happy-Valentines-Day-e1674230389613-1080x640.png",1080,640,true],"portfolio_item-thumbnail":["https:\/\/sosyaluyum.org\/wp-content\/uploads\/2022\/07\/Happy-Valentines-Day-e1674230389613-600x400.png",600,400,true],"portfolio_item-thumbnail@2x":["https:\/\/sosyaluyum.org\/wp-content\/uploads\/2022\/07\/Happy-Valentines-Day-e1674230389613.png",1080,645,false],"portfolio_item-masonry":["https:\/\/sosyaluyum.org\/wp-content\/uploads\/2022\/07\/Happy-Valentines-Day-e1674230389613-600x358.png",600,358,true],"portfolio_item-masonry@2x":["https:\/\/sosyaluyum.org\/wp-content\/uploads\/2022\/07\/Happy-Valentines-Day-e1674230389613.png",1080,645,false],"portfolio_item-thumbnail_cinema":["https:\/\/sosyaluyum.org\/wp-content\/uploads\/2022\/07\/Happy-Valentines-Day-e1674230389613-800x335.png",800,335,true],"portfolio_item-thumbnail_portrait":["https:\/\/sosyaluyum.org\/wp-content\/uploads\/2022\/07\/Happy-Valentines-Day-e1674230389613-600x645.png",600,645,true],"portfolio_item-thumbnail_portrait@2x":["https:\/\/sosyaluyum.org\/wp-content\/uploads\/2022\/07\/Happy-Valentines-Day-e1674230389613.png",1080,645,false],"portfolio_item-thumbnail_square":["https:\/\/sosyaluyum.org\/wp-content\/uploads\/2022\/07\/Happy-Valentines-Day-e1674230389613-800x645.png",800,645,true]},"_links":{"self":[{"href":"https:\/\/sosyaluyum.org\/index.php\/wp-json\/wp\/v2\/pages\/3138","targetHints":{"allow":["GET"]}}],"collection":[{"href":"https:\/\/sosyaluyum.org\/index.php\/wp-json\/wp\/v2\/pages"}],"about":[{"href":"https:\/\/sosyaluyum.org\/index.php\/wp-json\/wp\/v2\/types\/page"}],"author":[{"embeddable":true,"href":"https:\/\/sosyaluyum.org\/index.php\/wp-json\/wp\/v2\/users\/1"}],"replies":[{"embeddable":true,"href":"https:\/\/sosyaluyum.org\/index.php\/wp-json\/wp\/v2\/comments?post=3138"}],"version-history":[{"count":23,"href":"https:\/\/sosyaluyum.org\/index.php\/wp-json\/wp\/v2\/pages\/3138\/revisions"}],"predecessor-version":[{"id":4024,"href":"https:\/\/sosyaluyum.org\/index.php\/wp-json\/wp\/v2\/pages\/3138\/revisions\/4024"}],"wp:featuredmedia":[{"embeddable":true,"href":"https:\/\/sosyaluyum.org\/index.php\/wp-json\/wp\/v2\/media\/920"}],"wp:attachment":[{"href":"https:\/\/sosyaluyum.org\/index.php\/wp-json\/wp\/v2\/media?parent=3138"}],"curies":[{"name":"wp","href":"https:\/\/api.w.org\/{rel}","templated":true}]}}