{"id":3149,"date":"2023-10-30T13:17:32","date_gmt":"2023-10-30T10:17:32","guid":{"rendered":"https:\/\/sosyaluyum.org\/?page_id=3149"},"modified":"2025-08-17T14:08:15","modified_gmt":"2025-08-17T11:08:15","slug":"kitap-kulubu","status":"publish","type":"page","link":"https:\/\/sosyaluyum.org\/index.php\/kitap-kulubu\/","title":{"rendered":"K\u0130TAP KUL\u00dcB\u00dc"},"content":{"rendered":"\t\t<div data-elementor-type=\"wp-page\" data-elementor-id=\"3149\" class=\"elementor elementor-3149\">\n\t\t\t\t\t\t<section class=\"elementor-section elementor-top-section elementor-element elementor-element-051f6ee elementor-section-stretched elementor-section-boxed elementor-section-height-default elementor-section-height-default\" data-id=\"051f6ee\" data-element_type=\"section\" data-e-type=\"section\" data-settings=\"{&quot;stretch_section&quot;:&quot;section-stretched&quot;}\">\n\t\t\t\t\t\t<div class=\"elementor-container elementor-column-gap-default\">\n\t\t\t\t\t<div class=\"elementor-column elementor-col-100 elementor-top-column elementor-element elementor-element-c5e3835\" data-id=\"c5e3835\" data-element_type=\"column\" data-e-type=\"column\">\n\t\t\t<div class=\"elementor-widget-wrap elementor-element-populated\">\n\t\t\t\t\t\t<div class=\"elementor-element elementor-element-1f4c113 elementor-widget elementor-widget-heading\" data-id=\"1f4c113\" data-element_type=\"widget\" data-e-type=\"widget\" data-widget_type=\"heading.default\">\n\t\t\t\t\t<h2 class=\"elementor-heading-title elementor-size-default\">K\u0130TAPLAR<\/h2>\t\t\t\t<\/div>\n\t\t\t\t<section class=\"elementor-section elementor-inner-section elementor-element elementor-element-65994de elementor-section-content-middle elementor-section-boxed elementor-section-height-default elementor-section-height-default\" data-id=\"65994de\" data-element_type=\"section\" data-e-type=\"section\">\n\t\t\t\t\t\t<div class=\"elementor-container elementor-column-gap-no\">\n\t\t\t\t\t<div class=\"elementor-column elementor-col-33 elementor-inner-column elementor-element elementor-element-e12f1a6\" data-id=\"e12f1a6\" data-element_type=\"column\" data-e-type=\"column\">\n\t\t\t<div class=\"elementor-widget-wrap\">\n\t\t\t\t\t\t\t<\/div>\n\t\t<\/div>\n\t\t\t\t<div class=\"elementor-column elementor-col-33 elementor-inner-column elementor-element elementor-element-a56fb3a\" data-id=\"a56fb3a\" data-element_type=\"column\" data-e-type=\"column\">\n\t\t\t<div class=\"elementor-widget-wrap\">\n\t\t\t\t\t\t\t<\/div>\n\t\t<\/div>\n\t\t\t\t<div class=\"elementor-column elementor-col-33 elementor-inner-column elementor-element elementor-element-6056b1a\" data-id=\"6056b1a\" data-element_type=\"column\" data-e-type=\"column\">\n\t\t\t<div class=\"elementor-widget-wrap elementor-element-populated\">\n\t\t\t\t\t\t<div class=\"elementor-element elementor-element-147a686 e-transform elementor-position-top elementor-widget elementor-widget-image-box\" data-id=\"147a686\" data-element_type=\"widget\" data-e-type=\"widget\" data-settings=\"{&quot;_transform_rotateZ_effect&quot;:{&quot;unit&quot;:&quot;px&quot;,&quot;size&quot;:&quot;&quot;,&quot;sizes&quot;:[]},&quot;_transform_rotateZ_effect_tablet&quot;:{&quot;unit&quot;:&quot;deg&quot;,&quot;size&quot;:&quot;&quot;,&quot;sizes&quot;:[]},&quot;_transform_rotateZ_effect_mobile&quot;:{&quot;unit&quot;:&quot;deg&quot;,&quot;size&quot;:&quot;&quot;,&quot;sizes&quot;:[]}}\" data-widget_type=\"image-box.default\">\n\t\t\t\t\t<div class=\"elementor-image-box-wrapper\"><figure class=\"elementor-image-box-img\"><a href=\"https:\/\/sosyaluyum.org\/index.php\/2025\/08\/17\/mustafa-kutlu-uzun-hikaye-04-08-2025\/\" tabindex=\"-1\"><img fetchpriority=\"high\" decoding=\"async\" width=\"190\" height=\"300\" src=\"https:\/\/sosyaluyum.org\/wp-content\/uploads\/2025\/08\/wi-800-190x300.jpeg\" class=\"attachment-medium size-medium wp-image-3699\" alt=\"\" srcset=\"https:\/\/sosyaluyum.org\/wp-content\/uploads\/2025\/08\/wi-800-190x300.jpeg 190w, https:\/\/sosyaluyum.org\/wp-content\/uploads\/2025\/08\/wi-800-600x946.jpeg 600w, https:\/\/sosyaluyum.org\/wp-content\/uploads\/2025\/08\/wi-800.jpeg 800w\" sizes=\"(max-width: 190px) 100vw, 190px\" \/><\/a><\/figure><div class=\"elementor-image-box-content\"><h3 class=\"elementor-image-box-title\"><a href=\"https:\/\/sosyaluyum.org\/index.php\/2025\/08\/17\/mustafa-kutlu-uzun-hikaye-04-08-2025\/\">Mustafa Kutlu - Uzun Hikaye (04.08.2025)<\/a><\/h3><\/div><\/div>\t\t\t\t<\/div>\n\t\t\t\t\t<\/div>\n\t\t<\/div>\n\t\t\t\t\t<\/div>\n\t\t<\/section>\n\t\t\t\t<section class=\"elementor-section elementor-inner-section elementor-element elementor-element-39002e5 elementor-section-content-middle elementor-section-boxed elementor-section-height-default elementor-section-height-default\" data-id=\"39002e5\" data-element_type=\"section\" data-e-type=\"section\">\n\t\t\t\t\t\t<div class=\"elementor-container elementor-column-gap-no\">\n\t\t\t\t\t<div class=\"elementor-column elementor-col-33 elementor-inner-column elementor-element elementor-element-d3fd56c\" data-id=\"d3fd56c\" data-element_type=\"column\" data-e-type=\"column\">\n\t\t\t<div class=\"elementor-widget-wrap elementor-element-populated\">\n\t\t\t\t\t\t<div class=\"elementor-element elementor-element-2a6c242 e-transform elementor-position-top elementor-widget elementor-widget-image-box\" data-id=\"2a6c242\" data-element_type=\"widget\" data-e-type=\"widget\" data-settings=\"{&quot;_transform_rotateZ_effect&quot;:{&quot;unit&quot;:&quot;px&quot;,&quot;size&quot;:&quot;&quot;,&quot;sizes&quot;:[]},&quot;_transform_rotateZ_effect_tablet&quot;:{&quot;unit&quot;:&quot;deg&quot;,&quot;size&quot;:&quot;&quot;,&quot;sizes&quot;:[]},&quot;_transform_rotateZ_effect_mobile&quot;:{&quot;unit&quot;:&quot;deg&quot;,&quot;size&quot;:&quot;&quot;,&quot;sizes&quot;:[]}}\" data-widget_type=\"image-box.default\">\n\t\t\t\t\t<div class=\"elementor-image-box-wrapper\"><figure class=\"elementor-image-box-img\"><a href=\"https:\/\/sosyaluyum.org\/index.php\/2025\/08\/17\/yildiz-ramazanoglu-gecip-giden-seyler-11-07-2025\/\" tabindex=\"-1\"><img decoding=\"async\" width=\"186\" height=\"300\" src=\"https:\/\/sosyaluyum.org\/wp-content\/uploads\/2025\/08\/351033_9786053269878-186x300.jpg\" class=\"attachment-medium size-medium wp-image-3713\" alt=\"\" srcset=\"https:\/\/sosyaluyum.org\/wp-content\/uploads\/2025\/08\/351033_9786053269878-186x300.jpg 186w, https:\/\/sosyaluyum.org\/wp-content\/uploads\/2025\/08\/351033_9786053269878.jpg 372w\" sizes=\"(max-width: 186px) 100vw, 186px\" \/><\/a><\/figure><div class=\"elementor-image-box-content\"><h3 class=\"elementor-image-box-title\"><a href=\"https:\/\/sosyaluyum.org\/index.php\/2025\/08\/17\/yildiz-ramazanoglu-gecip-giden-seyler-11-07-2025\/\">Y\u0131ld\u0131z Ramazano\u011flu- Ge\u00e7ip Giden \u015eeyler (11.07.2025)<\/a><\/h3><p class=\"elementor-image-box-description\">\n<\/p><\/div><\/div>\t\t\t\t<\/div>\n\t\t\t\t\t<\/div>\n\t\t<\/div>\n\t\t\t\t<div class=\"elementor-column elementor-col-33 elementor-inner-column elementor-element elementor-element-c01650a\" data-id=\"c01650a\" data-element_type=\"column\" data-e-type=\"column\">\n\t\t\t<div class=\"elementor-widget-wrap elementor-element-populated\">\n\t\t\t\t\t\t<div class=\"elementor-element elementor-element-fd9b27b e-transform elementor-position-top elementor-widget elementor-widget-image-box\" data-id=\"fd9b27b\" data-element_type=\"widget\" data-e-type=\"widget\" data-settings=\"{&quot;_transform_rotateZ_effect&quot;:{&quot;unit&quot;:&quot;px&quot;,&quot;size&quot;:&quot;&quot;,&quot;sizes&quot;:[]},&quot;_transform_rotateZ_effect_tablet&quot;:{&quot;unit&quot;:&quot;deg&quot;,&quot;size&quot;:&quot;&quot;,&quot;sizes&quot;:[]},&quot;_transform_rotateZ_effect_mobile&quot;:{&quot;unit&quot;:&quot;deg&quot;,&quot;size&quot;:&quot;&quot;,&quot;sizes&quot;:[]}}\" data-widget_type=\"image-box.default\">\n\t\t\t\t\t<div class=\"elementor-image-box-wrapper\"><figure class=\"elementor-image-box-img\"><a href=\"https:\/\/sosyaluyum.org\/index.php\/2025\/08\/17\/han-kang-vejetaryen21-06-2025\/\" tabindex=\"-1\"><img decoding=\"async\" width=\"190\" height=\"300\" src=\"https:\/\/sosyaluyum.org\/wp-content\/uploads\/2025\/08\/wi-800-190x300.png\" class=\"attachment-medium size-medium wp-image-3692\" alt=\"\" srcset=\"https:\/\/sosyaluyum.org\/wp-content\/uploads\/2025\/08\/wi-800-190x300.png 190w, https:\/\/sosyaluyum.org\/wp-content\/uploads\/2025\/08\/wi-800-600x949.png 600w, https:\/\/sosyaluyum.org\/wp-content\/uploads\/2025\/08\/wi-800.png 800w\" sizes=\"(max-width: 190px) 100vw, 190px\" \/><\/a><\/figure><div class=\"elementor-image-box-content\"><h3 class=\"elementor-image-box-title\"><a href=\"https:\/\/sosyaluyum.org\/index.php\/2025\/08\/17\/han-kang-vejetaryen21-06-2025\/\">Han Kang - Vejetaryen (21.06.2025)<\/a><\/h3><p class=\"elementor-image-box-description\">\n<\/p><\/div><\/div>\t\t\t\t<\/div>\n\t\t\t\t\t<\/div>\n\t\t<\/div>\n\t\t\t\t<div class=\"elementor-column elementor-col-33 elementor-inner-column elementor-element elementor-element-ed6b7bd\" data-id=\"ed6b7bd\" data-element_type=\"column\" data-e-type=\"column\">\n\t\t\t<div class=\"elementor-widget-wrap elementor-element-populated\">\n\t\t\t\t\t\t<div class=\"elementor-element elementor-element-a6f5ccf e-transform elementor-position-top elementor-widget elementor-widget-image-box\" data-id=\"a6f5ccf\" data-element_type=\"widget\" data-e-type=\"widget\" data-settings=\"{&quot;_transform_rotateZ_effect&quot;:{&quot;unit&quot;:&quot;px&quot;,&quot;size&quot;:&quot;&quot;,&quot;sizes&quot;:[]},&quot;_transform_rotateZ_effect_tablet&quot;:{&quot;unit&quot;:&quot;deg&quot;,&quot;size&quot;:&quot;&quot;,&quot;sizes&quot;:[]},&quot;_transform_rotateZ_effect_mobile&quot;:{&quot;unit&quot;:&quot;deg&quot;,&quot;size&quot;:&quot;&quot;,&quot;sizes&quot;:[]}}\" data-widget_type=\"image-box.default\">\n\t\t\t\t\t<div class=\"elementor-image-box-wrapper\"><figure class=\"elementor-image-box-img\"><a href=\"https:\/\/sosyaluyum.org\/index.php\/2025\/08\/17\/patricia-engel-sinirsiz-ulke-01-06-2025\/\" tabindex=\"-1\"><img loading=\"lazy\" decoding=\"async\" width=\"190\" height=\"300\" src=\"https:\/\/sosyaluyum.org\/wp-content\/uploads\/2025\/08\/wh-true-190x300.jpeg\" class=\"attachment-medium size-medium wp-image-3700\" alt=\"\" srcset=\"https:\/\/sosyaluyum.org\/wp-content\/uploads\/2025\/08\/wh-true-190x300.jpeg 190w, https:\/\/sosyaluyum.org\/wp-content\/uploads\/2025\/08\/wh-true.jpeg 400w\" sizes=\"(max-width: 190px) 100vw, 190px\" \/><\/a><\/figure><div class=\"elementor-image-box-content\"><h3 class=\"elementor-image-box-title\"><a href=\"https:\/\/sosyaluyum.org\/index.php\/2025\/08\/17\/patricia-engel-sinirsiz-ulke-01-06-2025\/\">Patricia Engel - S\u0131n\u0131rs\u0131z \u00dclke (01.06.2025)<\/a><\/h3><\/div><\/div>\t\t\t\t<\/div>\n\t\t\t\t\t<\/div>\n\t\t<\/div>\n\t\t\t\t\t<\/div>\n\t\t<\/section>\n\t\t\t\t<section class=\"elementor-section elementor-inner-section elementor-element elementor-element-1ba096d elementor-section-content-middle elementor-section-boxed elementor-section-height-default elementor-section-height-default\" data-id=\"1ba096d\" data-element_type=\"section\" data-e-type=\"section\">\n\t\t\t\t\t\t<div class=\"elementor-container elementor-column-gap-no\">\n\t\t\t\t\t<div class=\"elementor-column elementor-col-20 elementor-inner-column elementor-element elementor-element-2692e6e\" data-id=\"2692e6e\" data-element_type=\"column\" data-e-type=\"column\">\n\t\t\t<div class=\"elementor-widget-wrap elementor-element-populated\">\n\t\t\t\t\t\t<div class=\"elementor-element elementor-element-c796269 e-transform elementor-position-top elementor-widget elementor-widget-image-box\" data-id=\"c796269\" data-element_type=\"widget\" data-e-type=\"widget\" data-settings=\"{&quot;_transform_rotateZ_effect&quot;:{&quot;unit&quot;:&quot;px&quot;,&quot;size&quot;:&quot;&quot;,&quot;sizes&quot;:[]},&quot;_transform_rotateZ_effect_tablet&quot;:{&quot;unit&quot;:&quot;deg&quot;,&quot;size&quot;:&quot;&quot;,&quot;sizes&quot;:[]},&quot;_transform_rotateZ_effect_mobile&quot;:{&quot;unit&quot;:&quot;deg&quot;,&quot;size&quot;:&quot;&quot;,&quot;sizes&quot;:[]}}\" data-widget_type=\"image-box.default\">\n\t\t\t\t\t<div class=\"elementor-image-box-wrapper\"><figure class=\"elementor-image-box-img\"><a href=\"https:\/\/sosyaluyum.org\/index.php\/2023\/10\/30\/george-orwell-paris-ve-londrada-bes-parasiz\/\" tabindex=\"-1\"><img loading=\"lazy\" decoding=\"async\" width=\"193\" height=\"300\" src=\"https:\/\/sosyaluyum.org\/wp-content\/uploads\/2023\/10\/0000000646397-1-193x300.jpg\" class=\"attachment-medium size-medium wp-image-3157\" alt=\"\" srcset=\"https:\/\/sosyaluyum.org\/wp-content\/uploads\/2023\/10\/0000000646397-1-193x300.jpg 193w, https:\/\/sosyaluyum.org\/wp-content\/uploads\/2023\/10\/0000000646397-1.jpg 257w\" sizes=\"(max-width: 193px) 100vw, 193px\" \/><\/a><\/figure><div class=\"elementor-image-box-content\"><h3 class=\"elementor-image-box-title\"><a href=\"https:\/\/sosyaluyum.org\/index.php\/2023\/10\/30\/george-orwell-paris-ve-londrada-bes-parasiz\/\">George Orwell - Paris ve Londra'da Be\u015f Paras\u0131z (23.10.2023)<\/a><\/h3><p class=\"elementor-image-box-description\">\n<\/p><\/div><\/div>\t\t\t\t<\/div>\n\t\t\t\t\t<\/div>\n\t\t<\/div>\n\t\t\t\t<div class=\"elementor-column elementor-col-20 elementor-inner-column elementor-element elementor-element-51d8892\" data-id=\"51d8892\" data-element_type=\"column\" data-e-type=\"column\">\n\t\t\t<div class=\"elementor-widget-wrap elementor-element-populated\">\n\t\t\t\t\t\t<div class=\"elementor-element elementor-element-95497d7 elementor-widget elementor-widget-spacer\" data-id=\"95497d7\" data-element_type=\"widget\" data-e-type=\"widget\" data-widget_type=\"spacer.default\">\n\t\t\t\t\t\t\t<div class=\"elementor-spacer\">\n\t\t\t<div class=\"elementor-spacer-inner\"><\/div>\n\t\t<\/div>\n\t\t\t\t\t\t<\/div>\n\t\t\t\t\t<\/div>\n\t\t<\/div>\n\t\t\t\t<div class=\"elementor-column elementor-col-20 elementor-inner-column elementor-element elementor-element-ee4fc58\" data-id=\"ee4fc58\" data-element_type=\"column\" data-e-type=\"column\">\n\t\t\t<div class=\"elementor-widget-wrap elementor-element-populated\">\n\t\t\t\t\t\t<div class=\"elementor-element elementor-element-4ec8959 e-transform elementor-position-top elementor-widget elementor-widget-image-box\" data-id=\"4ec8959\" data-element_type=\"widget\" data-e-type=\"widget\" data-settings=\"{&quot;_transform_rotateZ_effect&quot;:{&quot;unit&quot;:&quot;px&quot;,&quot;size&quot;:&quot;&quot;,&quot;sizes&quot;:[]},&quot;_transform_rotateZ_effect_tablet&quot;:{&quot;unit&quot;:&quot;deg&quot;,&quot;size&quot;:&quot;&quot;,&quot;sizes&quot;:[]},&quot;_transform_rotateZ_effect_mobile&quot;:{&quot;unit&quot;:&quot;deg&quot;,&quot;size&quot;:&quot;&quot;,&quot;sizes&quot;:[]}}\" data-widget_type=\"image-box.default\">\n\t\t\t\t\t<div class=\"elementor-image-box-wrapper\"><figure class=\"elementor-image-box-img\"><a href=\"https:\/\/sosyaluyum.org\/index.php\/2023\/11\/22\/hermann-hesse-siddhartha-07-11-2023\/\" tabindex=\"-1\"><img loading=\"lazy\" decoding=\"async\" width=\"192\" height=\"300\" src=\"https:\/\/sosyaluyum.org\/wp-content\/uploads\/2023\/11\/0000000064087-1-1-192x300.jpg\" class=\"attachment-medium size-medium wp-image-3217\" alt=\"\" srcset=\"https:\/\/sosyaluyum.org\/wp-content\/uploads\/2023\/11\/0000000064087-1-1-192x300.jpg 192w, https:\/\/sosyaluyum.org\/wp-content\/uploads\/2023\/11\/0000000064087-1-1.jpg 256w\" sizes=\"(max-width: 192px) 100vw, 192px\" \/><\/a><\/figure><div class=\"elementor-image-box-content\"><h3 class=\"elementor-image-box-title\"><a href=\"https:\/\/sosyaluyum.org\/index.php\/2023\/11\/22\/hermann-hesse-siddhartha-07-11-2023\/\">Hermann Hesse - Siddhartha (07.11.2023)<\/a><\/h3><p class=\"elementor-image-box-description\">\n<\/p><\/div><\/div>\t\t\t\t<\/div>\n\t\t\t\t\t<\/div>\n\t\t<\/div>\n\t\t\t\t<div class=\"elementor-column elementor-col-20 elementor-inner-column elementor-element elementor-element-847141e\" data-id=\"847141e\" data-element_type=\"column\" data-e-type=\"column\">\n\t\t\t<div class=\"elementor-widget-wrap elementor-element-populated\">\n\t\t\t\t\t\t<div class=\"elementor-element elementor-element-f6a774f elementor-widget elementor-widget-spacer\" data-id=\"f6a774f\" data-element_type=\"widget\" data-e-type=\"widget\" data-widget_type=\"spacer.default\">\n\t\t\t\t\t\t\t<div class=\"elementor-spacer\">\n\t\t\t<div class=\"elementor-spacer-inner\"><\/div>\n\t\t<\/div>\n\t\t\t\t\t\t<\/div>\n\t\t\t\t\t<\/div>\n\t\t<\/div>\n\t\t\t\t<div class=\"elementor-column elementor-col-20 elementor-inner-column elementor-element elementor-element-7a0fe21\" data-id=\"7a0fe21\" data-element_type=\"column\" data-e-type=\"column\">\n\t\t\t<div class=\"elementor-widget-wrap elementor-element-populated\">\n\t\t\t\t\t\t<div class=\"elementor-element elementor-element-04ac830 e-transform elementor-position-top elementor-widget elementor-widget-image-box\" data-id=\"04ac830\" data-element_type=\"widget\" data-e-type=\"widget\" data-settings=\"{&quot;_transform_rotateZ_effect&quot;:{&quot;unit&quot;:&quot;px&quot;,&quot;size&quot;:&quot;&quot;,&quot;sizes&quot;:[]},&quot;_transform_rotateZ_effect_tablet&quot;:{&quot;unit&quot;:&quot;deg&quot;,&quot;size&quot;:&quot;&quot;,&quot;sizes&quot;:[]},&quot;_transform_rotateZ_effect_mobile&quot;:{&quot;unit&quot;:&quot;deg&quot;,&quot;size&quot;:&quot;&quot;,&quot;sizes&quot;:[]}}\" data-widget_type=\"image-box.default\">\n\t\t\t\t\t<div class=\"elementor-image-box-wrapper\"><figure class=\"elementor-image-box-img\"><a href=\"https:\/\/sosyaluyum.org\/index.php\/2023\/11\/22\/jerome-david-salinger-cavdar-tarlasinda-cocuklar-22-11-2023\/\" tabindex=\"-1\"><img loading=\"lazy\" decoding=\"async\" width=\"207\" height=\"300\" src=\"https:\/\/sosyaluyum.org\/wp-content\/uploads\/2023\/11\/0000000058117-1-207x300.jpg\" class=\"attachment-medium size-medium wp-image-3222\" alt=\"\" srcset=\"https:\/\/sosyaluyum.org\/wp-content\/uploads\/2023\/11\/0000000058117-1-207x300.jpg 207w, https:\/\/sosyaluyum.org\/wp-content\/uploads\/2023\/11\/0000000058117-1.jpg 276w\" sizes=\"(max-width: 207px) 100vw, 207px\" \/><\/a><\/figure><div class=\"elementor-image-box-content\"><h3 class=\"elementor-image-box-title\"><a href=\"https:\/\/sosyaluyum.org\/index.php\/2023\/11\/22\/jerome-david-salinger-cavdar-tarlasinda-cocuklar-22-11-2023\/\">Jerome David Salinger - \u00c7avdar Tarlas\u0131nda \u00c7ocuklar (22.11.2023)<\/a><\/h3><p class=\"elementor-image-box-description\">\n<\/p><\/div><\/div>\t\t\t\t<\/div>\n\t\t\t\t\t<\/div>\n\t\t<\/div>\n\t\t\t\t\t<\/div>\n\t\t<\/section>\n\t\t\t\t\t<\/div>\n\t\t<\/div>\n\t\t\t\t\t<\/div>\n\t\t<\/section>\n\t\t\t\t<\/div>\n\t\t","protected":false},"excerpt":{"rendered":"<p>K\u0130TAPLAR Mustafa Kutlu &#8211; Uzun Hikaye (04.08.2025) Y\u0131ld\u0131z Ramazano\u011flu- Ge\u00e7ip Giden \u015eeyler (11.07.2025) Han Kang &#8211; Vejetaryen (21.06.2025) Patricia Engel &#8211; S\u0131n\u0131rs\u0131z \u00dclke (01.06.2025) George Orwell &#8211; Paris ve Londra&#8217;da Be\u015f Paras\u0131z (23.10.2023) Hermann Hesse &#8211; Siddhartha (07.11.2023) Jerome David Salinger &#8211; \u00c7avdar Tarlas\u0131nda \u00c7ocuklar (22.11.2023)<\/p>\n","protected":false},"author":1,"featured_media":0,"parent":0,"menu_order":0,"comment_status":"closed","ping_status":"closed","template":"","meta":{"footnotes":""},"class_list":["post-3149","page","type-page","status-publish","hentry"],"featured_media_urls":[],"_links":{"self":[{"href":"https:\/\/sosyaluyum.org\/index.php\/wp-json\/wp\/v2\/pages\/3149","targetHints":{"allow":["GET"]}}],"collection":[{"href":"https:\/\/sosyaluyum.org\/index.php\/wp-json\/wp\/v2\/pages"}],"about":[{"href":"https:\/\/sosyaluyum.org\/index.php\/wp-json\/wp\/v2\/types\/page"}],"author":[{"embeddable":true,"href":"https:\/\/sosyaluyum.org\/index.php\/wp-json\/wp\/v2\/users\/1"}],"replies":[{"embeddable":true,"href":"https:\/\/sosyaluyum.org\/index.php\/wp-json\/wp\/v2\/comments?post=3149"}],"version-history":[{"count":53,"href":"https:\/\/sosyaluyum.org\/index.php\/wp-json\/wp\/v2\/pages\/3149\/revisions"}],"predecessor-version":[{"id":3752,"href":"https:\/\/sosyaluyum.org\/index.php\/wp-json\/wp\/v2\/pages\/3149\/revisions\/3752"}],"wp:attachment":[{"href":"https:\/\/sosyaluyum.org\/index.php\/wp-json\/wp\/v2\/media?parent=3149"}],"curies":[{"name":"wp","href":"https:\/\/api.w.org\/{rel}","templated":true}]}}