{"id":3912,"date":"2025-11-17T01:27:24","date_gmt":"2025-11-16T22:27:24","guid":{"rendered":"https:\/\/sosyaluyum.org\/?page_id=3912"},"modified":"2025-11-17T01:37:56","modified_gmt":"2025-11-16T22:37:56","slug":"protecting-cultural-heritage-in-times-of-disaster","status":"publish","type":"page","link":"https:\/\/sosyaluyum.org\/index.php\/protecting-cultural-heritage-in-times-of-disaster\/","title":{"rendered":"Protecting Cultural Heritage in Times of Disaster"},"content":{"rendered":"\t\t<div data-elementor-type=\"wp-page\" data-elementor-id=\"3912\" class=\"elementor elementor-3912\">\n\t\t\t\t<div class=\"elementor-element elementor-element-aee953e e-flex e-con-boxed e-con e-parent\" data-id=\"aee953e\" data-element_type=\"container\" data-e-type=\"container\">\n\t\t\t\t\t<div class=\"e-con-inner\">\n\t\t\t\t<div class=\"elementor-element elementor-element-f97f604 elementor-widget elementor-widget-text-editor\" data-id=\"f97f604\" data-element_type=\"widget\" data-e-type=\"widget\" data-widget_type=\"text-editor.default\">\n\t\t\t\t\t\t\t\t\t<p data-start=\"117\" data-end=\"799\">Cultural heritage is a significant phenomenon that has survived from the past to the present and occupies an important place in the collective memory of a society. It is a treasure that strengthens social solidarity and the sense of unity. It encompasses all material and intangible values that ensure the transmission of accumulated human experiences and traditions to future generations. Tangible cultural elements are embodied in spaces that bear deep traces of social history. These places are more than mere locations; they serve as vital representations of a nation\u2019s\u2014and more broadly, humanity\u2019s\u2014shared history and life, illuminating the past through their enduring presence.<\/p><p data-start=\"801\" data-end=\"2041\">For this reason, UNESCO adopted the Convention Concerning the Protection of the World Cultural and Natural Heritage on 16 November 1972, thereby placing under protection cultural areas significant to human history. Sites such as G\u00f6beklitepe in T\u00fcrkiye, the Colosseum in Italy, Cologne Cathedral in Germany, the Medina of Meknes in Morocco, and the Poblet Monastery in Spain are only a few of the important cultural heritage areas safeguarded under this convention. UNESCO\u2019s decision to protect these and many other sites is grounded in meaningful reasons. Keeping alive all objects and places that remind us of the past is essential for societies today and in the near future, as these elements cannot be separated from the history of humanity. Another key reason is the necessity of preserving social memory. These places, inherited from the past, make significant contributions to sustaining our social identity and collective memory. In addition to historical cities, monuments, and archaeological sites, intangible values such as language, traditions, dance, music, cuisine, and rituals also form an important part of cultural heritage. Raising awareness to ensure that these values are not lost and continue to be preserved is crucial.<\/p><p data-start=\"2043\" data-end=\"3055\">Finally, cultural heritage serves as a bridge between our history and the present, minimizing the effects of the historical discontinuity we experience. Therefore, these sites are essential memory spaces that must be preserved. Unfortunately, cultural assets of great significance are particularly vulnerable during times of disaster and often face damage. The devastating earthquakes that occurred in T\u00fcrkiye on 6 February 2023, the flooding in Italy on 2 May 2023, and the earthquake in Morocco on 10 September 2023 have shown that we are living in a world surrounded by disasters, that it is impossible to prevent such severe natural events, and that these heritage sites\u2014integral to our cultural identity\u2014may be destroyed or damaged at any moment. For instance, due to the earthquake in T\u00fcrkiye, important cultural heritage sites (such as G\u00f6beklitepe and the Germu\u015f Church) were damaged, and some places were unfortunately destroyed. The destruction of these sites after the disaster signifies the following:<\/p>\t\t\t\t\t\t\t\t<\/div>\n\t\t\t\t\t<\/div>\n\t\t\t\t<\/div>\n\t\t<div class=\"elementor-element elementor-element-9576120 e-flex e-con-boxed e-con e-parent\" data-id=\"9576120\" data-element_type=\"container\" data-e-type=\"container\">\n\t\t\t\t\t<div class=\"e-con-inner\">\n\t\t\t\t<div class=\"elementor-element elementor-element-f76b56e elementor-widget elementor-widget-image-gallery\" data-id=\"f76b56e\" data-element_type=\"widget\" data-e-type=\"widget\" data-widget_type=\"image-gallery.default\">\n\t\t\t\t\t\t\t<div class=\"elementor-image-gallery\">\n\t\t\t<div id='gallery-1' class='gallery galleryid-3912 gallery-columns-2 gallery-size-full'><figure class='gallery-item'>\n\t\t\t<div class='gallery-icon landscape'>\n\t\t\t\t<a data-elementor-open-lightbox=\"yes\" data-elementor-lightbox-slideshow=\"f76b56e\" data-elementor-lightbox-title=\"A\" data-e-action-hash=\"#elementor-action%3Aaction%3Dlightbox%26settings%3DeyJpZCI6MzkyMiwidXJsIjoiaHR0cHM6XC9cL3Nvc3lhbHV5dW0ub3JnXC93cC1jb250ZW50XC91cGxvYWRzXC8yMDI1XC8xMVwvQS5qcGVnIiwic2xpZGVzaG93IjoiZjc2YjU2ZSJ9\" href='https:\/\/sosyaluyum.org\/wp-content\/uploads\/2025\/11\/A.jpeg'><img fetchpriority=\"high\" decoding=\"async\" width=\"2000\" height=\"1500\" src=\"https:\/\/sosyaluyum.org\/wp-content\/uploads\/2025\/11\/A.jpeg\" class=\"attachment-full size-full\" alt=\"\" srcset=\"https:\/\/sosyaluyum.org\/wp-content\/uploads\/2025\/11\/A.jpeg 2000w, https:\/\/sosyaluyum.org\/wp-content\/uploads\/2025\/11\/A-300x225.jpeg 300w\" sizes=\"100vw\" \/><\/a>\n\t\t\t<\/div><\/figure><figure class='gallery-item'>\n\t\t\t<div class='gallery-icon landscape'>\n\t\t\t\t<a data-elementor-open-lightbox=\"yes\" data-elementor-lightbox-slideshow=\"f76b56e\" data-elementor-lightbox-title=\"B\" data-e-action-hash=\"#elementor-action%3Aaction%3Dlightbox%26settings%3DeyJpZCI6MzkyMywidXJsIjoiaHR0cHM6XC9cL3Nvc3lhbHV5dW0ub3JnXC93cC1jb250ZW50XC91cGxvYWRzXC8yMDI1XC8xMVwvQi5qcGVnIiwic2xpZGVzaG93IjoiZjc2YjU2ZSJ9\" href='https:\/\/sosyaluyum.org\/wp-content\/uploads\/2025\/11\/B.jpeg'><img decoding=\"async\" width=\"2000\" height=\"1500\" src=\"https:\/\/sosyaluyum.org\/wp-content\/uploads\/2025\/11\/B.jpeg\" class=\"attachment-full size-full\" alt=\"\" srcset=\"https:\/\/sosyaluyum.org\/wp-content\/uploads\/2025\/11\/B.jpeg 2000w, https:\/\/sosyaluyum.org\/wp-content\/uploads\/2025\/11\/B-300x225.jpeg 300w\" sizes=\"100vw\" \/><\/a>\n\t\t\t<\/div><\/figure><figure class='gallery-item'>\n\t\t\t<div class='gallery-icon portrait'>\n\t\t\t\t<a data-elementor-open-lightbox=\"yes\" data-elementor-lightbox-slideshow=\"f76b56e\" data-elementor-lightbox-title=\"C\" data-e-action-hash=\"#elementor-action%3Aaction%3Dlightbox%26settings%3DeyJpZCI6MzkyNCwidXJsIjoiaHR0cHM6XC9cL3Nvc3lhbHV5dW0ub3JnXC93cC1jb250ZW50XC91cGxvYWRzXC8yMDI1XC8xMVwvQy5qcGVnIiwic2xpZGVzaG93IjoiZjc2YjU2ZSJ9\" href='https:\/\/sosyaluyum.org\/wp-content\/uploads\/2025\/11\/C.jpeg'><img decoding=\"async\" width=\"1536\" height=\"2048\" src=\"https:\/\/sosyaluyum.org\/wp-content\/uploads\/2025\/11\/C.jpeg\" class=\"attachment-full size-full\" alt=\"\" srcset=\"https:\/\/sosyaluyum.org\/wp-content\/uploads\/2025\/11\/C.jpeg 1536w, https:\/\/sosyaluyum.org\/wp-content\/uploads\/2025\/11\/C-225x300.jpeg 225w, https:\/\/sosyaluyum.org\/wp-content\/uploads\/2025\/11\/C-1500x2000.jpeg 1500w\" sizes=\"100vw\" \/><\/a>\n\t\t\t<\/div><\/figure><figure class='gallery-item'>\n\t\t\t<div class='gallery-icon landscape'>\n\t\t\t\t<a data-elementor-open-lightbox=\"yes\" data-elementor-lightbox-slideshow=\"f76b56e\" data-elementor-lightbox-title=\"D\" data-e-action-hash=\"#elementor-action%3Aaction%3Dlightbox%26settings%3DeyJpZCI6MzkyNSwidXJsIjoiaHR0cHM6XC9cL3Nvc3lhbHV5dW0ub3JnXC93cC1jb250ZW50XC91cGxvYWRzXC8yMDI1XC8xMVwvRC5qcGVnIiwic2xpZGVzaG93IjoiZjc2YjU2ZSJ9\" href='https:\/\/sosyaluyum.org\/wp-content\/uploads\/2025\/11\/D.jpeg'><img loading=\"lazy\" decoding=\"async\" width=\"2000\" height=\"1500\" src=\"https:\/\/sosyaluyum.org\/wp-content\/uploads\/2025\/11\/D.jpeg\" class=\"attachment-full size-full\" alt=\"\" srcset=\"https:\/\/sosyaluyum.org\/wp-content\/uploads\/2025\/11\/D.jpeg 2000w, https:\/\/sosyaluyum.org\/wp-content\/uploads\/2025\/11\/D-300x225.jpeg 300w\" sizes=\"100vw\" \/><\/a>\n\t\t\t<\/div><\/figure>\n\t\t<\/div>\n\t\t<\/div>\n\t\t\t\t\t\t<\/div>\n\t\t\t\t\t<\/div>\n\t\t\t\t<\/div>\n\t\t\t\t<\/div>\n\t\t","protected":false},"excerpt":{"rendered":"<p>Cultural heritage is a significant phenomenon that has survived from the past to the present and occupies an important place in the collective memory of a society. It is a treasure that strengthens social solidarity and the sense of unity. It encompasses all material and intangible values that ensure the transmission of accumulated human experiences &hellip; <\/p>\n<p class=\"link-more\"><a href=\"https:\/\/sosyaluyum.org\/index.php\/protecting-cultural-heritage-in-times-of-disaster\/\" class=\"more-link\">Read more<span class=\"screen-reader-text\"> &#8220;Protecting Cultural Heritage in Times of Disaster&#8221;<\/span><\/a><\/p>\n","protected":false},"author":1,"featured_media":0,"parent":0,"menu_order":0,"comment_status":"closed","ping_status":"closed","template":"","meta":{"footnotes":""},"class_list":["post-3912","page","type-page","status-publish","hentry"],"featured_media_urls":[],"_links":{"self":[{"href":"https:\/\/sosyaluyum.org\/index.php\/wp-json\/wp\/v2\/pages\/3912","targetHints":{"allow":["GET"]}}],"collection":[{"href":"https:\/\/sosyaluyum.org\/index.php\/wp-json\/wp\/v2\/pages"}],"about":[{"href":"https:\/\/sosyaluyum.org\/index.php\/wp-json\/wp\/v2\/types\/page"}],"author":[{"embeddable":true,"href":"https:\/\/sosyaluyum.org\/index.php\/wp-json\/wp\/v2\/users\/1"}],"replies":[{"embeddable":true,"href":"https:\/\/sosyaluyum.org\/index.php\/wp-json\/wp\/v2\/comments?post=3912"}],"version-history":[{"count":7,"href":"https:\/\/sosyaluyum.org\/index.php\/wp-json\/wp\/v2\/pages\/3912\/revisions"}],"predecessor-version":[{"id":3928,"href":"https:\/\/sosyaluyum.org\/index.php\/wp-json\/wp\/v2\/pages\/3912\/revisions\/3928"}],"wp:attachment":[{"href":"https:\/\/sosyaluyum.org\/index.php\/wp-json\/wp\/v2\/media?parent=3912"}],"curies":[{"name":"wp","href":"https:\/\/api.w.org\/{rel}","templated":true}]}}