{"id":428,"date":"2022-07-24T14:22:13","date_gmt":"2022-07-24T11:22:13","guid":{"rendered":"https:\/\/sosyaluyum.org\/tr\/?page_id=428"},"modified":"2023-02-04T14:06:56","modified_gmt":"2023-02-04T11:06:56","slug":"uye-ol","status":"publish","type":"page","link":"https:\/\/sosyaluyum.org\/index.php\/uye-ol\/","title":{"rendered":"G\u00f6n\u00fcll\u00fc Ol"},"content":{"rendered":"\t\t<div data-elementor-type=\"wp-page\" data-elementor-id=\"428\" class=\"elementor elementor-428\">\n\t\t\t\t\t\t<section class=\"elementor-section elementor-top-section elementor-element elementor-element-111ea29 elementor-section-stretched elementor-section-boxed elementor-section-height-default elementor-section-height-default\" data-id=\"111ea29\" data-element_type=\"section\" data-e-type=\"section\" data-settings=\"{&quot;stretch_section&quot;:&quot;section-stretched&quot;,&quot;background_background&quot;:&quot;gradient&quot;}\">\n\t\t\t\t\t\t<div class=\"elementor-container elementor-column-gap-default\">\n\t\t\t\t\t<div class=\"elementor-column elementor-col-100 elementor-top-column elementor-element elementor-element-9bd2d68\" data-id=\"9bd2d68\" data-element_type=\"column\" data-e-type=\"column\">\n\t\t\t<div class=\"elementor-widget-wrap elementor-element-populated\">\n\t\t\t\t\t\t<div class=\"elementor-element elementor-element-3545c9b elementor-widget elementor-widget-shortcode\" data-id=\"3545c9b\" data-element_type=\"widget\" data-e-type=\"widget\" data-widget_type=\"shortcode.default\">\n\t\t\t\t\t\t\t<div class=\"elementor-shortcode\"><iframe src=\"https:\/\/docs.google.com\/forms\/d\/e\/1FAIpQLSdSV-ba_MxBbglIOvq8HG5UI6NQO4yZ79j-vG9aBuSyHWB9Gw\/viewform?embedded=true\" width=\"640\" height=\"3054\" frameborder=\"0\" marginheight=\"0\" marginwidth=\"0\">Loading\u2026<\/iframe><\/div>\n\t\t\t\t\t\t<\/div>\n\t\t\t\t\t<\/div>\n\t\t<\/div>\n\t\t\t\t\t<\/div>\n\t\t<\/section>\n\t\t\t\t<section class=\"elementor-section elementor-top-section elementor-element elementor-element-a1c329d elementor-section-boxed elementor-section-height-default elementor-section-height-default\" data-id=\"a1c329d\" data-element_type=\"section\" data-e-type=\"section\">\n\t\t\t\t\t\t<div class=\"elementor-container elementor-column-gap-default\">\n\t\t\t\t\t<div class=\"elementor-column elementor-col-100 elementor-top-column elementor-element elementor-element-d61c793\" data-id=\"d61c793\" data-element_type=\"column\" data-e-type=\"column\">\n\t\t\t<div class=\"elementor-widget-wrap elementor-element-populated\">\n\t\t\t\t\t\t<div class=\"elementor-element elementor-element-55e09f8 elementor-widget elementor-widget-spacer\" data-id=\"55e09f8\" data-element_type=\"widget\" data-e-type=\"widget\" data-widget_type=\"spacer.default\">\n\t\t\t\t\t\t\t<div class=\"elementor-spacer\">\n\t\t\t<div class=\"elementor-spacer-inner\"><\/div>\n\t\t<\/div>\n\t\t\t\t\t\t<\/div>\n\t\t\t\t\t<\/div>\n\t\t<\/div>\n\t\t\t\t\t<\/div>\n\t\t<\/section>\n\t\t\t\t<\/div>\n\t\t","protected":false},"excerpt":{"rendered":"<p>Loading\u2026<\/p>\n","protected":false},"author":1,"featured_media":920,"parent":0,"menu_order":0,"comment_status":"closed","ping_status":"closed","template":"","meta":{"footnotes":""},"class_list":["post-428","page","type-page","status-publish","has-post-thumbnail","hentry"],"featured_media_urls":{"thumbnail":["https:\/\/sosyaluyum.org\/wp-content\/uploads\/2022\/07\/Happy-Valentines-Day-e1674230389613-150x150.png",150,150,true],"medium":["https:\/\/sosyaluyum.org\/wp-content\/uploads\/2022\/07\/Happy-Valentines-Day-e1674230389613-300x179.png",300,179,true],"medium_large":["https:\/\/sosyaluyum.org\/wp-content\/uploads\/2022\/07\/Happy-Valentines-Day-e1674230389613-768x459.png",768,459,true],"large":["https:\/\/sosyaluyum.org\/wp-content\/uploads\/2022\/07\/Happy-Valentines-Day-e1674230389613-1024x612.png",950,568,true],"1536x1536":["https:\/\/sosyaluyum.org\/wp-content\/uploads\/2022\/07\/Happy-Valentines-Day-e1674230389613.png",1080,645,false],"2048x2048":["https:\/\/sosyaluyum.org\/wp-content\/uploads\/2022\/07\/Happy-Valentines-Day-e1674230389613.png",1080,645,false],"inspiro-featured-image":["https:\/\/sosyaluyum.org\/wp-content\/uploads\/2022\/07\/Happy-Valentines-Day-e1674230389613.png",1080,645,false],"inspiro-loop":["https:\/\/sosyaluyum.org\/wp-content\/uploads\/2022\/07\/Happy-Valentines-Day-e1674230389613-950x320.png",950,320,true],"inspiro-loop@2x":["https:\/\/sosyaluyum.org\/wp-content\/uploads\/2022\/07\/Happy-Valentines-Day-e1674230389613-1080x640.png",1080,640,true],"portfolio_item-thumbnail":["https:\/\/sosyaluyum.org\/wp-content\/uploads\/2022\/07\/Happy-Valentines-Day-e1674230389613-600x400.png",600,400,true],"portfolio_item-thumbnail@2x":["https:\/\/sosyaluyum.org\/wp-content\/uploads\/2022\/07\/Happy-Valentines-Day-e1674230389613.png",1080,645,false],"portfolio_item-masonry":["https:\/\/sosyaluyum.org\/wp-content\/uploads\/2022\/07\/Happy-Valentines-Day-e1674230389613-600x358.png",600,358,true],"portfolio_item-masonry@2x":["https:\/\/sosyaluyum.org\/wp-content\/uploads\/2022\/07\/Happy-Valentines-Day-e1674230389613.png",1080,645,false],"portfolio_item-thumbnail_cinema":["https:\/\/sosyaluyum.org\/wp-content\/uploads\/2022\/07\/Happy-Valentines-Day-e1674230389613-800x335.png",800,335,true],"portfolio_item-thumbnail_portrait":["https:\/\/sosyaluyum.org\/wp-content\/uploads\/2022\/07\/Happy-Valentines-Day-e1674230389613-600x645.png",600,645,true],"portfolio_item-thumbnail_portrait@2x":["https:\/\/sosyaluyum.org\/wp-content\/uploads\/2022\/07\/Happy-Valentines-Day-e1674230389613.png",1080,645,false],"portfolio_item-thumbnail_square":["https:\/\/sosyaluyum.org\/wp-content\/uploads\/2022\/07\/Happy-Valentines-Day-e1674230389613-800x645.png",800,645,true]},"_links":{"self":[{"href":"https:\/\/sosyaluyum.org\/index.php\/wp-json\/wp\/v2\/pages\/428","targetHints":{"allow":["GET"]}}],"collection":[{"href":"https:\/\/sosyaluyum.org\/index.php\/wp-json\/wp\/v2\/pages"}],"about":[{"href":"https:\/\/sosyaluyum.org\/index.php\/wp-json\/wp\/v2\/types\/page"}],"author":[{"embeddable":true,"href":"https:\/\/sosyaluyum.org\/index.php\/wp-json\/wp\/v2\/users\/1"}],"replies":[{"embeddable":true,"href":"https:\/\/sosyaluyum.org\/index.php\/wp-json\/wp\/v2\/comments?post=428"}],"version-history":[{"count":14,"href":"https:\/\/sosyaluyum.org\/index.php\/wp-json\/wp\/v2\/pages\/428\/revisions"}],"predecessor-version":[{"id":2323,"href":"https:\/\/sosyaluyum.org\/index.php\/wp-json\/wp\/v2\/pages\/428\/revisions\/2323"}],"wp:featuredmedia":[{"embeddable":true,"href":"https:\/\/sosyaluyum.org\/index.php\/wp-json\/wp\/v2\/media\/920"}],"wp:attachment":[{"href":"https:\/\/sosyaluyum.org\/index.php\/wp-json\/wp\/v2\/media?parent=428"}],"curies":[{"name":"wp","href":"https:\/\/api.w.org\/{rel}","templated":true}]}}