{"id":53,"date":"2022-02-15T22:24:08","date_gmt":"2022-02-15T19:24:08","guid":{"rendered":"https:\/\/sosyaluyum.org\/tr\/?page_id=53"},"modified":"2025-11-18T13:37:18","modified_gmt":"2025-11-18T10:37:18","slug":"bize-ulasin","status":"publish","type":"page","link":"https:\/\/sosyaluyum.org\/index.php\/bize-ulasin\/","title":{"rendered":"Bize Ula\u015f\u0131n"},"content":{"rendered":"\t\t<div data-elementor-type=\"wp-page\" data-elementor-id=\"53\" class=\"elementor elementor-53\">\n\t\t\t\t\t\t<section class=\"elementor-section elementor-top-section elementor-element elementor-element-23ba5c8c elementor-section-full_width elementor-section-stretched elementor-section-height-default elementor-section-height-default\" data-id=\"23ba5c8c\" data-element_type=\"section\" data-e-type=\"section\" data-settings=\"{&quot;stretch_section&quot;:&quot;section-stretched&quot;}\">\n\t\t\t\t\t\t<div class=\"elementor-container elementor-column-gap-no\">\n\t\t\t\t\t<div class=\"elementor-column elementor-col-100 elementor-top-column elementor-element elementor-element-47e555e3\" data-id=\"47e555e3\" data-element_type=\"column\" data-e-type=\"column\">\n\t\t\t<div class=\"elementor-widget-wrap elementor-element-populated\">\n\t\t\t\t\t\t<div class=\"elementor-element elementor-element-56a4cc01 elementor-widget elementor-widget-google_maps\" data-id=\"56a4cc01\" data-element_type=\"widget\" data-e-type=\"widget\" data-widget_type=\"google_maps.default\">\n\t\t\t\t\t\t\t<div class=\"elementor-custom-embed\">\n\t\t\t<iframe loading=\"lazy\"\n\t\t\t\t\tsrc=\"https:\/\/maps.google.com\/maps?q=Hamidiye%20mahallesi%20278.%20Sokak%20no%3A6%20Haliliye%20%C5%9Eanl%C4%B1urfa&#038;t=m&#038;z=18&#038;output=embed&#038;iwloc=near\"\n\t\t\t\t\ttitle=\"Hamidiye mahallesi 278. Sokak no:6 Haliliye \u015eanl\u0131urfa\"\n\t\t\t\t\taria-label=\"Hamidiye mahallesi 278. Sokak no:6 Haliliye \u015eanl\u0131urfa\"\n\t\t\t><\/iframe>\n\t\t<\/div>\n\t\t\t\t\t\t<\/div>\n\t\t\t\t<section class=\"elementor-section elementor-inner-section elementor-element elementor-element-5396c72 elementor-section-content-middle elementor-section-boxed elementor-section-height-default elementor-section-height-default\" data-id=\"5396c72\" data-element_type=\"section\" data-e-type=\"section\">\n\t\t\t\t\t\t<div class=\"elementor-container elementor-column-gap-no\">\n\t\t\t\t\t<div class=\"elementor-column elementor-col-33 elementor-inner-column elementor-element elementor-element-3b6749f3\" data-id=\"3b6749f3\" data-element_type=\"column\" data-e-type=\"column\">\n\t\t\t<div class=\"elementor-widget-wrap elementor-element-populated\">\n\t\t\t\t\t\t<div class=\"elementor-element elementor-element-7ca59944 elementor-widget elementor-widget-heading\" data-id=\"7ca59944\" data-element_type=\"widget\" data-e-type=\"widget\" data-widget_type=\"heading.default\">\n\t\t\t\t\t<h6 class=\"elementor-heading-title elementor-size-default\">Konum<\/h6>\t\t\t\t<\/div>\n\t\t\t\t<div class=\"elementor-element elementor-element-4ab1cb58 elementor-widget elementor-widget-text-editor\" data-id=\"4ab1cb58\" data-element_type=\"widget\" data-e-type=\"widget\" data-widget_type=\"text-editor.default\">\n\t\t\t\t\t\t\t\t\t<p>Hamidiye Mah. 278. Sok. Bayram Apt. No:6a <br \/>PK: 63300 <br \/>Haliliye\/\u015eanl\u0131urfa<\/p>\t\t\t\t\t\t\t\t<\/div>\n\t\t\t\t\t<\/div>\n\t\t<\/div>\n\t\t\t\t<div class=\"elementor-column elementor-col-33 elementor-inner-column elementor-element elementor-element-7df46819\" data-id=\"7df46819\" data-element_type=\"column\" data-e-type=\"column\">\n\t\t\t<div class=\"elementor-widget-wrap elementor-element-populated\">\n\t\t\t\t\t\t<div class=\"elementor-element elementor-element-55d9a710 elementor-widget elementor-widget-heading\" data-id=\"55d9a710\" data-element_type=\"widget\" data-e-type=\"widget\" data-widget_type=\"heading.default\">\n\t\t\t\t\t<h6 class=\"elementor-heading-title elementor-size-default\">Bize Ula\u015f\u0131n<\/h6>\t\t\t\t<\/div>\n\t\t\t\t\t<\/div>\n\t\t<\/div>\n\t\t\t\t<div class=\"elementor-column elementor-col-33 elementor-inner-column elementor-element elementor-element-782a5710\" data-id=\"782a5710\" data-element_type=\"column\" data-e-type=\"column\">\n\t\t\t<div class=\"elementor-widget-wrap elementor-element-populated\">\n\t\t\t\t\t\t<div class=\"elementor-element elementor-element-2c0fe9ac elementor-widget elementor-widget-heading\" data-id=\"2c0fe9ac\" data-element_type=\"widget\" data-e-type=\"widget\" data-widget_type=\"heading.default\">\n\t\t\t\t\t<h6 class=\"elementor-heading-title elementor-size-default\">\u00c7al\u0131\u015fma Saatlerimiz<\/h6>\t\t\t\t<\/div>\n\t\t\t\t<div class=\"elementor-element elementor-element-1c8ae30d elementor-widget elementor-widget-text-editor\" data-id=\"1c8ae30d\" data-element_type=\"widget\" data-e-type=\"widget\" data-widget_type=\"text-editor.default\">\n\t\t\t\t\t\t\t\t\t<p>10:00 &#8211; 17:00\u00a0<br \/>Pazartesi &#8211; Cumartesi<\/p>\t\t\t\t\t\t\t\t<\/div>\n\t\t\t\t\t<\/div>\n\t\t<\/div>\n\t\t\t\t\t<\/div>\n\t\t<\/section>\n\t\t\t\t<div class=\"elementor-element elementor-element-266a735c elementor-widget elementor-widget-text-editor\" data-id=\"266a735c\" data-element_type=\"widget\" data-e-type=\"widget\" data-widget_type=\"text-editor.default\">\n\t\t\t\t\t\t\t\t\t<p>Numara: 0414 606 08 68<\/p><p>Email: info@sosyaluyum.org<\/p>\t\t\t\t\t\t\t\t<\/div>\n\t\t\t\t<div class=\"elementor-element elementor-element-20b23124 elementor-shape-rounded elementor-grid-0 e-grid-align-center elementor-widget elementor-widget-social-icons\" data-id=\"20b23124\" data-element_type=\"widget\" data-e-type=\"widget\" data-widget_type=\"social-icons.default\">\n\t\t\t\t\t\t\t<div class=\"elementor-social-icons-wrapper elementor-grid\" role=\"list\">\n\t\t\t\t\t\t\t<span class=\"elementor-grid-item\" role=\"listitem\">\n\t\t\t\t\t<a class=\"elementor-icon elementor-social-icon elementor-social-icon-twitter elementor-animation-grow-rotate elementor-repeater-item-7f0e5c7\" href=\"https:\/\/twitter.com\/SUGDER_\" target=\"_blank\">\n\t\t\t\t\t\t<span class=\"elementor-screen-only\">Twitter<\/span>\n\t\t\t\t\t\t<svg aria-hidden=\"true\" class=\"e-font-icon-svg e-fab-twitter\" viewBox=\"0 0 512 512\" xmlns=\"http:\/\/www.w3.org\/2000\/svg\"><path d=\"M459.37 151.716c.325 4.548.325 9.097.325 13.645 0 138.72-105.583 298.558-298.558 298.558-59.452 0-114.68-17.219-161.137-47.106 8.447.974 16.568 1.299 25.34 1.299 49.055 0 94.213-16.568 130.274-44.832-46.132-.975-84.792-31.188-98.112-72.772 6.498.974 12.995 1.624 19.818 1.624 9.421 0 18.843-1.3 27.614-3.573-48.081-9.747-84.143-51.98-84.143-102.985v-1.299c13.969 7.797 30.214 12.67 47.431 13.319-28.264-18.843-46.781-51.005-46.781-87.391 0-19.492 5.197-37.36 14.294-52.954 51.655 63.675 129.3 105.258 216.365 109.807-1.624-7.797-2.599-15.918-2.599-24.04 0-57.828 46.782-104.934 104.934-104.934 30.213 0 57.502 12.67 76.67 33.137 23.715-4.548 46.456-13.32 66.599-25.34-7.798 24.366-24.366 44.833-46.132 57.827 21.117-2.273 41.584-8.122 60.426-16.243-14.292 20.791-32.161 39.308-52.628 54.253z\"><\/path><\/svg>\t\t\t\t\t<\/a>\n\t\t\t\t<\/span>\n\t\t\t\t\t\t\t<span class=\"elementor-grid-item\" role=\"listitem\">\n\t\t\t\t\t<a class=\"elementor-icon elementor-social-icon elementor-social-icon-instagram elementor-animation-grow-rotate elementor-repeater-item-d9a9500\" href=\"https:\/\/www.instagram.com\/sosyaluyumvegirisimcilikder\/\" target=\"_blank\">\n\t\t\t\t\t\t<span class=\"elementor-screen-only\">Instagram<\/span>\n\t\t\t\t\t\t<svg aria-hidden=\"true\" class=\"e-font-icon-svg e-fab-instagram\" viewBox=\"0 0 448 512\" xmlns=\"http:\/\/www.w3.org\/2000\/svg\"><path d=\"M224.1 141c-63.6 0-114.9 51.3-114.9 114.9s51.3 114.9 114.9 114.9S339 319.5 339 255.9 287.7 141 224.1 141zm0 189.6c-41.1 0-74.7-33.5-74.7-74.7s33.5-74.7 74.7-74.7 74.7 33.5 74.7 74.7-33.6 74.7-74.7 74.7zm146.4-194.3c0 14.9-12 26.8-26.8 26.8-14.9 0-26.8-12-26.8-26.8s12-26.8 26.8-26.8 26.8 12 26.8 26.8zm76.1 27.2c-1.7-35.9-9.9-67.7-36.2-93.9-26.2-26.2-58-34.4-93.9-36.2-37-2.1-147.9-2.1-184.9 0-35.8 1.7-67.6 9.9-93.9 36.1s-34.4 58-36.2 93.9c-2.1 37-2.1 147.9 0 184.9 1.7 35.9 9.9 67.7 36.2 93.9s58 34.4 93.9 36.2c37 2.1 147.9 2.1 184.9 0 35.9-1.7 67.7-9.9 93.9-36.2 26.2-26.2 34.4-58 36.2-93.9 2.1-37 2.1-147.8 0-184.8zM398.8 388c-7.8 19.6-22.9 34.7-42.6 42.6-29.5 11.7-99.5 9-132.1 9s-102.7 2.6-132.1-9c-19.6-7.8-34.7-22.9-42.6-42.6-11.7-29.5-9-99.5-9-132.1s-2.6-102.7 9-132.1c7.8-19.6 22.9-34.7 42.6-42.6 29.5-11.7 99.5-9 132.1-9s102.7-2.6 132.1 9c19.6 7.8 34.7 22.9 42.6 42.6 11.7 29.5 9 99.5 9 132.1s2.7 102.7-9 132.1z\"><\/path><\/svg>\t\t\t\t\t<\/a>\n\t\t\t\t<\/span>\n\t\t\t\t\t\t\t<span class=\"elementor-grid-item\" role=\"listitem\">\n\t\t\t\t\t<a class=\"elementor-icon elementor-social-icon elementor-social-icon-linkedin elementor-animation-grow-rotate elementor-repeater-item-a83546f\" href=\"https:\/\/www.linkedin.com\/company\/84510244\/admin\/\" target=\"_blank\">\n\t\t\t\t\t\t<span class=\"elementor-screen-only\">Linkedin<\/span>\n\t\t\t\t\t\t<svg aria-hidden=\"true\" class=\"e-font-icon-svg e-fab-linkedin\" viewBox=\"0 0 448 512\" xmlns=\"http:\/\/www.w3.org\/2000\/svg\"><path d=\"M416 32H31.9C14.3 32 0 46.5 0 64.3v383.4C0 465.5 14.3 480 31.9 480H416c17.6 0 32-14.5 32-32.3V64.3c0-17.8-14.4-32.3-32-32.3zM135.4 416H69V202.2h66.5V416zm-33.2-243c-21.3 0-38.5-17.3-38.5-38.5S80.9 96 102.2 96c21.2 0 38.5 17.3 38.5 38.5 0 21.3-17.2 38.5-38.5 38.5zm282.1 243h-66.4V312c0-24.8-.5-56.7-34.5-56.7-34.6 0-39.9 27-39.9 54.9V416h-66.4V202.2h63.7v29.2h.9c8.9-16.8 30.6-34.5 62.9-34.5 67.2 0 79.7 44.3 79.7 101.9V416z\"><\/path><\/svg>\t\t\t\t\t<\/a>\n\t\t\t\t<\/span>\n\t\t\t\t\t\t\t<span class=\"elementor-grid-item\" role=\"listitem\">\n\t\t\t\t\t<a class=\"elementor-icon elementor-social-icon elementor-social-icon-youtube elementor-animation-grow-rotate elementor-repeater-item-d734ea3\" href=\"https:\/\/www.youtube.com\/@sosyaluyumvegirisimcilikderneg\" target=\"_blank\">\n\t\t\t\t\t\t<span class=\"elementor-screen-only\">Youtube<\/span>\n\t\t\t\t\t\t<svg aria-hidden=\"true\" class=\"e-font-icon-svg e-fab-youtube\" viewBox=\"0 0 576 512\" xmlns=\"http:\/\/www.w3.org\/2000\/svg\"><path d=\"M549.655 124.083c-6.281-23.65-24.787-42.276-48.284-48.597C458.781 64 288 64 288 64S117.22 64 74.629 75.486c-23.497 6.322-42.003 24.947-48.284 48.597-11.412 42.867-11.412 132.305-11.412 132.305s0 89.438 11.412 132.305c6.281 23.65 24.787 41.5 48.284 47.821C117.22 448 288 448 288 448s170.78 0 213.371-11.486c23.497-6.321 42.003-24.171 48.284-47.821 11.412-42.867 11.412-132.305 11.412-132.305s0-89.438-11.412-132.305zm-317.51 213.508V175.185l142.739 81.205-142.739 81.201z\"><\/path><\/svg>\t\t\t\t\t<\/a>\n\t\t\t\t<\/span>\n\t\t\t\t\t<\/div>\n\t\t\t\t\t\t<\/div>\n\t\t\t\t\t<\/div>\n\t\t<\/div>\n\t\t\t\t\t<\/div>\n\t\t<\/section>\n\t\t\t\t<\/div>\n\t\t","protected":false},"excerpt":{"rendered":"<p>Konum Hamidiye Mah. 278. Sok. Bayram Apt. No:6a PK: 63300 Haliliye\/\u015eanl\u0131urfa Bize Ula\u015f\u0131n \u00c7al\u0131\u015fma Saatlerimiz 10:00 &#8211; 17:00\u00a0Pazartesi &#8211; Cumartesi Numara: 0414 606 08 68 Email: info@sosyaluyum.org Twitter Instagram Linkedin Youtube<\/p>\n","protected":false},"author":1,"featured_media":920,"parent":0,"menu_order":0,"comment_status":"closed","ping_status":"closed","template":"","meta":{"footnotes":""},"class_list":["post-53","page","type-page","status-publish","has-post-thumbnail","hentry"],"featured_media_urls":{"thumbnail":["https:\/\/sosyaluyum.org\/wp-content\/uploads\/2022\/07\/Happy-Valentines-Day-e1674230389613-150x150.png",150,150,true],"medium":["https:\/\/sosyaluyum.org\/wp-content\/uploads\/2022\/07\/Happy-Valentines-Day-e1674230389613-300x179.png",300,179,true],"medium_large":["https:\/\/sosyaluyum.org\/wp-content\/uploads\/2022\/07\/Happy-Valentines-Day-e1674230389613-768x459.png",768,459,true],"large":["https:\/\/sosyaluyum.org\/wp-content\/uploads\/2022\/07\/Happy-Valentines-Day-e1674230389613-1024x612.png",950,568,true],"1536x1536":["https:\/\/sosyaluyum.org\/wp-content\/uploads\/2022\/07\/Happy-Valentines-Day-e1674230389613.png",1080,645,false],"2048x2048":["https:\/\/sosyaluyum.org\/wp-content\/uploads\/2022\/07\/Happy-Valentines-Day-e1674230389613.png",1080,645,false],"inspiro-featured-image":["https:\/\/sosyaluyum.org\/wp-content\/uploads\/2022\/07\/Happy-Valentines-Day-e1674230389613.png",1080,645,false],"inspiro-loop":["https:\/\/sosyaluyum.org\/wp-content\/uploads\/2022\/07\/Happy-Valentines-Day-e1674230389613-950x320.png",950,320,true],"inspiro-loop@2x":["https:\/\/sosyaluyum.org\/wp-content\/uploads\/2022\/07\/Happy-Valentines-Day-e1674230389613-1080x640.png",1080,640,true],"portfolio_item-thumbnail":["https:\/\/sosyaluyum.org\/wp-content\/uploads\/2022\/07\/Happy-Valentines-Day-e1674230389613-600x400.png",600,400,true],"portfolio_item-thumbnail@2x":["https:\/\/sosyaluyum.org\/wp-content\/uploads\/2022\/07\/Happy-Valentines-Day-e1674230389613.png",1080,645,false],"portfolio_item-masonry":["https:\/\/sosyaluyum.org\/wp-content\/uploads\/2022\/07\/Happy-Valentines-Day-e1674230389613-600x358.png",600,358,true],"portfolio_item-masonry@2x":["https:\/\/sosyaluyum.org\/wp-content\/uploads\/2022\/07\/Happy-Valentines-Day-e1674230389613.png",1080,645,false],"portfolio_item-thumbnail_cinema":["https:\/\/sosyaluyum.org\/wp-content\/uploads\/2022\/07\/Happy-Valentines-Day-e1674230389613-800x335.png",800,335,true],"portfolio_item-thumbnail_portrait":["https:\/\/sosyaluyum.org\/wp-content\/uploads\/2022\/07\/Happy-Valentines-Day-e1674230389613-600x645.png",600,645,true],"portfolio_item-thumbnail_portrait@2x":["https:\/\/sosyaluyum.org\/wp-content\/uploads\/2022\/07\/Happy-Valentines-Day-e1674230389613.png",1080,645,false],"portfolio_item-thumbnail_square":["https:\/\/sosyaluyum.org\/wp-content\/uploads\/2022\/07\/Happy-Valentines-Day-e1674230389613-800x645.png",800,645,true]},"_links":{"self":[{"href":"https:\/\/sosyaluyum.org\/index.php\/wp-json\/wp\/v2\/pages\/53","targetHints":{"allow":["GET"]}}],"collection":[{"href":"https:\/\/sosyaluyum.org\/index.php\/wp-json\/wp\/v2\/pages"}],"about":[{"href":"https:\/\/sosyaluyum.org\/index.php\/wp-json\/wp\/v2\/types\/page"}],"author":[{"embeddable":true,"href":"https:\/\/sosyaluyum.org\/index.php\/wp-json\/wp\/v2\/users\/1"}],"replies":[{"embeddable":true,"href":"https:\/\/sosyaluyum.org\/index.php\/wp-json\/wp\/v2\/comments?post=53"}],"version-history":[{"count":98,"href":"https:\/\/sosyaluyum.org\/index.php\/wp-json\/wp\/v2\/pages\/53\/revisions"}],"predecessor-version":[{"id":3982,"href":"https:\/\/sosyaluyum.org\/index.php\/wp-json\/wp\/v2\/pages\/53\/revisions\/3982"}],"wp:featuredmedia":[{"embeddable":true,"href":"https:\/\/sosyaluyum.org\/index.php\/wp-json\/wp\/v2\/media\/920"}],"wp:attachment":[{"href":"https:\/\/sosyaluyum.org\/index.php\/wp-json\/wp\/v2\/media?parent=53"}],"curies":[{"name":"wp","href":"https:\/\/api.w.org\/{rel}","templated":true}]}}